{"id":22142,"date":"2020-03-06T14:38:34","date_gmt":"2020-03-06T14:38:34","guid":{"rendered":"http:\/\/annikamutila.com\/amds\/?page_id=22142"},"modified":"2020-11-23T10:57:03","modified_gmt":"2020-11-23T10:57:03","slug":"kesan-2020-tanssitunnit","status":"publish","type":"page","link":"https:\/\/annikamutila.com\/amds\/?page_id=22142","title":{"rendered":"S\u00e4\u00e4nn\u00f6t"},"content":{"rendered":"<h4><\/h4>\n<h3>Tanssikoulu A.M. Dancen s\u00e4\u00e4nn\u00f6t 2020-2021<\/h3>\n<p>&nbsp;<\/p>\n<p><strong>1. Poikkeusohjeistus ja turvallisuus<\/strong><\/p>\n<p>Syyskaudella noudatamme tarkkoja s\u00e4\u00e4nt\u00f6j\u00e4, joilla pyrimme pit\u00e4m\u00e4\u00e4n tanssikoulun asiakkaat ja henkil\u00f6kunnan tervein\u00e4.<\/p>\n<p>&#8211; Tule tanssikoululle vain terveen\u00e4!<\/p>\n<p>&#8211; Pese k\u00e4det ja k\u00e4yt\u00e4 k\u00e4sidesi\u00e4 aina koululle tullessasi.<\/p>\n<p>&#8211; Vastaanotto pidet\u00e4\u00e4n tanssikoulun terassilla s\u00e4\u00e4n salliessa. Suosittelemme my\u00f6s tanssijoita odottamaan terassilla oman tuntinsa alkua s\u00e4\u00e4n salliessa. Muista turvav\u00e4lit jonottaessasi vastaanottoon tai tanssitunnille.<\/p>\n<p>&#8211; Vaihda treenivaatteet kotona ja t\u00e4yt\u00e4 juomapullo kotona.<\/p>\n<p>&#8211; Ryhm\u00e4kokojen rajat ovat tarkat ja osa ryhmist\u00e4 on pienennetty turvav\u00e4lien s\u00e4ilytt\u00e4miseksi.<\/p>\n<p>&#8211; Yski ja aivasta hihaan\/paperinen\u00e4liinaan.<\/p>\n<p>&#8211; Oppilaiden tulee v\u00e4ltt\u00e4\u00e4 turhaa oleskelua tanssikoulun odotusk\u00e4yt\u00e4v\u00e4ll\u00e4 ja koulun tiloissa.<\/p>\n<p>&#8211; Alle 7-vuotiaalla tanssijalla saa olla vain yksi huoltaja\/saattaja tullessa tanssikoululle. Yli 8-vuotiaiden oppilaiden huoltajien\/perheenj\u00e4senten\/yst\u00e4vien oleskelu tanssikoulun tiloissa on syyskaudella 2020 kielletty. Vastaanottotiskill\u00e4 asiointi toki k\u00e4y, mutta pyrimme v\u00e4ltt\u00e4m\u00e4\u00e4n ylim\u00e4\u00e4r\u00e4isen oleskelun ja ison henkil\u00f6m\u00e4\u00e4r\u00e4n tilassa.<\/p>\n<p>&#8211; Tanssitunnin p\u00e4\u00e4tytty\u00e4 tanssijat odottavat salin toisessa p\u00e4\u00e4ss\u00e4, seuraava ryhm\u00e4 p\u00e4\u00e4stet\u00e4\u00e4n saliin ja toinen poistuu vasta sen j\u00e4lkeen oikean puolesta liikennett\u00e4 k\u00e4ytt\u00e4en. T\u00e4m\u00e4 mahdollistaa et\u00e4isyydet tanssijoiden v\u00e4lill\u00e4 ja minimoimme ruuhkaa odotusk\u00e4yt\u00e4v\u00e4ll\u00e4.<\/p>\n<p>&#8211; L\u00f6yt\u00f6tavaroita ei s\u00e4ilytet\u00e4. Pid\u00e4 huolta omista tavaroistasi.<\/p>\n<p>&nbsp;<\/p>\n<p><strong>2. Ilmoittautuminen<\/strong><\/p>\n<p>Tanssikoulu A.M. Dancen\u00a0tunneille ilmoittaudutaan s\u00e4hk\u00f6isen ilmoittautumislomakkeen kautta ennen tunnin alkua. Alle 18-vuotiaan ilmoittautumisen tulee olla huoltajan tekem\u00e4.<\/p>\n<p>Ilmoittautuminen on sitova ja on voimassa yhden kauden ajan. Ilmoittautumisen tehty\u00e4\u00e4n asiakas hyv\u00e4ksyy, ett\u00e4 lasku tanssitunneista er\u00e4\u00e4ntyy maksettavaksi ja maksua ei palauteta, mik\u00e4li oppilas haluaa lopettaa kesken kauden.<\/p>\n<p>Ryhm\u00e4t t\u00e4ytet\u00e4\u00e4n ilmoittautumisj\u00e4rjestyksess\u00e4.<\/p>\n<p>&nbsp;<\/p>\n<p><strong>3. Maksut<\/strong><\/p>\n<p>Kausimaksu m\u00e4\u00e4r\u00e4ytyy kyseisen tanssikauden hinnaston mukaisesti ja maksu tulee suorittaa er\u00e4p\u00e4iv\u00e4\u00e4n menness\u00e4. Maksut veloitetaan kausittain. Tanssikausia on kolme: syys-, kev\u00e4t- ja kes\u00e4kausi. Laskutettavan tiedot t\u00e4ytet\u00e4\u00e4n lomakkeelle tanssikoulun vastaanottotiskill\u00e4 tullessa ensimm\u00e4iselle tanssitunnille. Vastaanotto t\u00e4ytt\u00e4\u00e4 laskun tiedot oppilaan tanssitunnin aikana\u00a0 ja oppilaan opettaja antaa laskun oppilaalle ensimm\u00e4isen tanssitunnin p\u00e4\u00e4tytty\u00e4.\u00a0\u00a0K\u00e4yt\u00e4\u00a0laskun\u00a0viitenumeroa laskua maksaessasi.\u00a0Maksumuistutuksesta perit\u00e4\u00e4n 5 euron lis\u00e4maksu ja korkolain mukainen viiv\u00e4styskorko.\u00a0Mik\u00e4li kausimaksua ei ole suoritettu, on tanssikoululla oikeus ev\u00e4t\u00e4 oppilaan osallistuminen opetukseen.<\/p>\n<p>&nbsp;<\/p>\n<p><strong>4. Kokeilukerta<\/strong><\/p>\n<p>Uudet asiakkaat voivat kokeilla tanssituntia 5 euron maksua vastaan. Tarjouksen voi k\u00e4ytt\u00e4\u00e4 kerran. Jos asiakas jatkaa tunneilla, kokeilukerta katsotaan ensimm\u00e4iseksi tanssitunniksi\u00a0ja kokeilumaksu\/kertamaksun summa v\u00e4hennet\u00e4\u00e4n kausimaksusta.<\/p>\n<p>&nbsp;<\/p>\n<p><strong>5. Ilmoittautumisen peruminen<\/strong><\/p>\n<p>Asiakas sitoutuu tanssiryhm\u00e4\u00e4n aina yhdeksi kaudeksi kerrallaan ja lasku tulee maksaa,\u00a0ellei osallistumista peruta tanssikauden ensimm\u00e4isen viikon aikana myclubin kautta omalla k\u00e4ytt\u00e4j\u00e4tunnuksella.<\/p>\n<p>Jos ilmoitus lopettamisesta tehd\u00e4\u00e4n vasta kauden ensimm\u00e4isen toimintaviikon\u00a0j\u00e4lkeen, tulee peruutus tehd\u00e4 aina kirjallisesti s\u00e4hk\u00f6postiosoitteeseen<br \/>\nannika.mutila@gmail.com. Peruutukseen vastataan vastausviestill\u00e4, jossa peruutus vahvistetaan k\u00e4sitellyksi. Vasta t\u00e4ll\u00f6in peruutus astuu voimaan. Ilmoittautumista ei voi perua j\u00e4tt\u00e4ytym\u00e4ll\u00e4 pois tunneilta tai suullisesti opettajalle ilmoittamalla.<\/p>\n<p>Asiakkaan tulee peruuttaa osallistumisensa viikon sis\u00e4\u00e4n tunnilla aloittamisesta, jolloin ensimm\u00e4inen tunti katsotaan kertak\u00e4ynniksi (laskutetaan kokeilukerta\/kertamaksu).\u00a0Jatkaessaan tanssitunneilla, tulee koko kauden kausimaksu suorittaa.\u00a0Kesken kauden lopettaneen asiakkaan kausimaksua ei palauteta.<\/p>\n<p>Peruutusoikeus ei koske\u00a0kilpa- ja intensiiviryhmi\u00e4,\u00a0tanssileirej\u00e4 ja lyhytkursseja.<\/p>\n<p>&nbsp;<\/p>\n<p><strong>6. Peruutukset tai tuntien siirrot tanssikoulun puolesta<\/strong><\/p>\n<p>Tanssikoululla on oikeus peruuttaa tunti \u00e4killisen esteen (esim. opettajan \u00e4killinen sairastuminen) johdosta. Peruutuksesta ilmoitetaan oppilaille s\u00e4hk\u00f6postilla tai kiireellisess\u00e4 tapauksessa tanssikoulun sosiaalisessa mediassa. Ensisijaisesti tanssitunnille pyrit\u00e4\u00e4n saamaan sijaisopettaja.Tunteja voidaan siirt\u00e4\u00e4 toiseen ajankohtaan esim. opettajan sairastumisesta johtuen. Tunnin siirrosta ilmoitetaan oppilaille s\u00e4hk\u00f6postilla. Mik\u00e4li opettaja on estynyt opettamasta pidemp\u00e4\u00e4n, koululla on oikeus vaihtaa opettajaa. Kurssimaksua ei palauteta opettajan vaihtumisen takia.<\/p>\n<p>Tanssikoululla on oikeus tuntimuutoksiin. Tanssitunnilla on oltava\u00a0minimim\u00e4\u00e4r\u00e4 (8) ilmoittautuneita, jotta tanssitunti pidet\u00e4\u00e4n.<\/p>\n<p>Tanssikoululla on oikeus tanssikoulusta riippumattomista syist\u00e4 (tilojen tuhoutuminen, viranomaisten m\u00e4\u00e4r\u00e4ykset tai suositukset, virus,\u00a0pandemia, force\u00a0majeur) pit\u00e4\u00e4 opetustunnit interaktiviisena et\u00e4opetuksena, jossa opettaja voi antaa oppilaalle palautetta (videoyhteys) tai muulla tilanteeseen sopivalla tavalla tai siirt\u00e4\u00e4 kauden l\u00e4hiopetustunteja\u00a0eteenp\u00e4in. Kurssimaksua ei t\u00e4llaisessa tilanteessa palauteta. Poikkeuksena hyv\u00e4ksyt\u00e4\u00e4n l\u00e4\u00e4k\u00e4rin m\u00e4\u00e4r\u00e4\u00e4m\u00e4 fyysinen este.<\/p>\n<p>&nbsp;<\/p>\n<p><strong>7. Tiedotus<\/strong><\/p>\n<p>Tanssikoulun toiminnasta tiedotetaan oppilaille s\u00e4hk\u00f6postitse. Asiakkaan on huolehdittava, ett\u00e4 omat yhteystiedot, etenkin oma s\u00e4hk\u00f6postiosoite, on ajan tasalla. Asiakas pystyy muokkaamaan omia tietojaan omassa myclub profiilissaan osoitteessa\u00a0amdance.myclub.fi<\/p>\n<p>T\u00e4rke\u00e4t kausi-infot ja mahdolliset muutokset l\u00e4hetet\u00e4\u00e4n s\u00e4hk\u00f6postilla. Asiakas on vastuussa omista s\u00e4hk\u00f6postiasetuksista, jotka voivat vaikuttaa s\u00e4hk\u00f6postin vastaanottamiseen (esim. roskaposti).<\/p>\n<p>Tiedottamiseen k\u00e4ytet\u00e4\u00e4n my\u00f6s verkkosivuja, sosiaalista mediaa ja tanssikoulun ilmoitustauluja.<\/p>\n<p>&nbsp;<\/p>\n<p><strong>8. Korvausk\u00e4yt\u00e4nt\u00f6, poissaolot ja sairastuminen<\/strong><\/p>\n<p>Tilap\u00e4isi\u00e4 poissaoloja voi korvata osallistumalla toiselle vastaavan tai alemman tason tunnille. Tunnin on oltava saman hintainen tai edullisempi, saman pituinen tai lyhyempi ja tunnilla on oltava tilaa (ryhm\u00e4 ei saa olla t\u00e4ynn\u00e4). Poissaolotunnin voi korvata vain saman tanssikauden aikana. Korvauslomakkeita\u00a0on saatavilla tanssikoulun vastaanotossa. T\u00e4yt\u00e4 lomake ja anna se korvaavan tunnin opettajalle ennen tunnin alkua. Tanssituntia ei voi k\u00e4yd\u00e4 korvaamassa etuk\u00e4teen. Tanssitunnit, joilla tehd\u00e4\u00e4n n\u00e4yt\u00f6skoreografiaa, ei voi k\u00e4yd\u00e4 korvaamassa kauden viimeisen 4 toimintaviikon aikana. Tanssitunteja ei voi siirt\u00e4\u00e4 seuraavalle kaudelle vaan ne on k\u00e4yt\u00e4v\u00e4 kyseisen lukukauden aikana. Tanssikoulu ei korvaa rahallisesti tunteja, jotka ovat asiakkaasta johtuvasta syyst\u00e4 j\u00e4\u00e4neet k\u00e4ytt\u00e4m\u00e4tt\u00e4 kauden aikana.<\/p>\n<p>Asiakas voi hakea kausimaksun palautusta pitk\u00e4aikaisen loukkaantumisen ajalta. L\u00e4het\u00e4 l\u00e4\u00e4k\u00e4rintodistus heti\u00a0sairasloman alkaessa s\u00e4hk\u00f6postitse A.M. Dancen toimistoon\u00a0annika.mutila@gmail.com\u00a0. Pitk\u00e4aikainen poissaolo on yli 4 viikkoa.<\/p>\n<p>Tanssikoululla on oikeus keskeytt\u00e4\u00e4 oppilaan tunnit, mik\u00e4li h\u00e4n h\u00e4iritsee toistuvasti muiden oppilaiden ty\u00f6skentely\u00e4. T\u00e4ll\u00f6in oppilas maksaa kausimaksun keskeytykseen asti.<\/p>\n<p>&nbsp;<\/p>\n","protected":false},"excerpt":{"rendered":"<p>Tanssikoulu A.M. Dancen s\u00e4\u00e4nn\u00f6t 2020-2021 &nbsp; 1. Poikkeusohjeistus ja turvallisuus Syyskaudella noudatamme tarkkoja s\u00e4\u00e4nt\u00f6j\u00e4, joilla pyrimme pit\u00e4m\u00e4\u00e4n tanssikoulun asiakkaat ja henkil\u00f6kunnan tervein\u00e4. &#8211; Tule tanssikoululle vain terveen\u00e4! &#8211; Pese k\u00e4det ja k\u00e4yt\u00e4 k\u00e4sidesi\u00e4 aina koululle tullessasi. &#8211; Vastaanotto pidet\u00e4\u00e4n tanssikoulun terassilla s\u00e4\u00e4n salliessa. Suosittelemme my\u00f6s&#8230;<\/p>\n","protected":false},"author":1,"featured_media":0,"parent":0,"menu_order":0,"comment_status":"closed","ping_status":"closed","template":"","meta":[],"_links":{"self":[{"href":"https:\/\/annikamutila.com\/amds\/index.php?rest_route=\/wp\/v2\/pages\/22142"}],"collection":[{"href":"https:\/\/annikamutila.com\/amds\/index.php?rest_route=\/wp\/v2\/pages"}],"about":[{"href":"https:\/\/annikamutila.com\/amds\/index.php?rest_route=\/wp\/v2\/types\/page"}],"author":[{"embeddable":true,"href":"https:\/\/annikamutila.com\/amds\/index.php?rest_route=\/wp\/v2\/users\/1"}],"replies":[{"embeddable":true,"href":"https:\/\/annikamutila.com\/amds\/index.php?rest_route=%2Fwp%2Fv2%2Fcomments&post=22142"}],"version-history":[{"count":24,"href":"https:\/\/annikamutila.com\/amds\/index.php?rest_route=\/wp\/v2\/pages\/22142\/revisions"}],"predecessor-version":[{"id":22254,"href":"https:\/\/annikamutila.com\/amds\/index.php?rest_route=\/wp\/v2\/pages\/22142\/revisions\/22254"}],"wp:attachment":[{"href":"https:\/\/annikamutila.com\/amds\/index.php?rest_route=%2Fwp%2Fv2%2Fmedia&parent=22142"}],"curies":[{"name":"wp","href":"https:\/\/api.w.org\/{rel}","templated":true}]}}