{"id":21947,"date":"2018-06-19T13:50:18","date_gmt":"2018-06-19T13:50:18","guid":{"rendered":"http:\/\/annikamutila.com\/amds\/?page_id=21947"},"modified":"2021-07-11T10:56:29","modified_gmt":"2021-07-11T10:56:29","slug":"ilmoittautuminen-original","status":"publish","type":"page","link":"https:\/\/annikamutila.com\/amds\/?page_id=21947","title":{"rendered":"Ilmoittautuminen"},"content":{"rendered":"<p>[vc_row type=&#8221;grid&#8221; padding_top=&#8221;80&#8243; padding_bottom=&#8221;0&#8243;][vc_column width=&#8221;1\/2&#8243;][vc_separator type=&#8221;transparent&#8221;]<div class=\"custom_font_holder\" style=\"font-family: Raleway; font-size: 16px; font-weight: 400; text-align: left;\"><span><strong><span style=\"color: #000000;\">HUOM! Luothan VAIN YHDEN tilin yht\u00e4 oppilasta kohden.<\/span><\/strong><\/p>\n<p><strong><span style=\"color: #000000;\">Vanhemmat huom! Samaa s-postiosoitetta voi k\u00e4ytt\u00e4\u00e4 eri profiileille\/tileille. Kaikki tiedotteet l\u00e4hetet\u00e4\u00e4n tanssijoille vain s\u00e4hk\u00f6postilla, joten pid\u00e4th\u00e4n huoli, ett\u00e4 s\u00e4hk\u00f6postisi toimii ja koulu voi l\u00e4hett\u00e4\u00e4 sinulle tanssikauteen liittyv\u00e4t infot. <\/span><\/strong><\/p>\n<p><strong>Ryhm\u00e4t j\u00e4rjestyksess\u00e4 ilmoittautumisohjelmassa viikonp\u00e4ivien ja ajan mukaan.<\/strong><\/span><\/div><div class=\"custom_font_holder\" style=\"font-family: Raleway; font-size: 56px; line-height: 60px; letter-spacing: 4px; text-align: left;\"><span><\/span><\/div><a href=\"https:\/\/amdance.myclub.fi\/flow\/events\/public\" target=\"_blank\"  class=\"qbutton  large qbutton_with_icon\" style=\"color: #8224e3; \">ILMOITTAUDU<i class=\"button_icon fa fa-angle-right\" style=\"\"><\/i><\/a>[vc_separator type=&#8221;transparent&#8221;][vc_separator type=&#8221;transparent&#8221;]<div class=\"custom_font_holder\" style=\"font-family: Raleway; font-size: 16px; font-weight: 400; text-align: left;\"><span><\/span><\/div>[vc_empty_space height=&#8221;50px&#8221;][\/vc_column][vc_column width=&#8221;1\/2&#8243;][vc_column_text]<\/p>\n<h5><span class=\"q_font_awsome_icon q_icon_shortcode q_font_awsome_icon_holder   \" style=\"font-size: 15px;px;color: #000; \"><i class=\"fa fa-envelope-o\"><\/i><\/span><\/h5>\n<p>[\/vc_column_text]<div class=\"custom_font_holder\" style=\"font-family: Raleway; font-size: 56px; line-height: 60px; letter-spacing: 4px; text-align: left;\"><span><\/p>\n<h5>S\u00c4HK\u00d6POSTI:<\/h5>\n<p><\/span><\/div>[vc_column_text]<\/p>\n<h5><span class=\"q_font_awsome_icon q_icon_shortcode q_font_awsome_icon_holder   \" style=\"font-size: 15px;px;color: #000; \"><i class=\"fa fa-instagram\"><\/i><\/span><\/h5>\n<p>[\/vc_column_text]<div class=\"custom_font_holder\" style=\"font-family: Raleway; font-size: 16px; font-weight: 400; text-align: left;\"><span><span style=\"color: #000000;\"><a style=\"color: #000000;\" href=\"mailto:annika.mutila@gmail.com\">annika.mutila@gmail.com<\/a><\/span><\/span><\/div>[vc_empty_space height=&#8221;50px&#8221;]<div class=\"custom_font_holder\" style=\"font-family: Raleway; font-size: 16px; font-weight: 400; text-align: left;\"><span><\/p>\n<h5>Instagram:<\/h5>\n<p><\/span><\/div><div class=\"custom_font_holder\" style=\"font-family: Raleway; font-size: 16px; font-weight: 400; text-align: left;\"><span>a.m.dance_<\/span><\/div>[vc_empty_space height=&#8221;50px&#8221;]<div class=\"custom_font_holder\" style=\"font-family: Raleway; font-size: 16px; font-weight: 400; text-align: left;\"><span><\/p>\n<h5>Facebook:<\/h5>\n<p><\/span><\/div>[vc_column_text]<\/p>\n<h5><span class=\"q_font_awsome_icon q_icon_shortcode q_font_awsome_icon_holder   \" style=\"font-size: 15px;px;color: #000; \"><i class=\"fa fa-facebook\"><\/i><\/span><\/h5>\n<p>[\/vc_column_text]<div class=\"custom_font_holder\" style=\"font-family: Raleway; font-size: 16px; font-weight: 400; text-align: left;\"><span><span style=\"color: #000000;\"><a style=\"color: #000000;\" href=\"https:\/\/www.facebook.com\/annikamutiladanceschool\/\">facebook.com\/a.m.dance.tanssikoulu<\/a><\/span><\/span><\/div>[vc_empty_space height=&#8221;50px&#8221;]<div class=\"custom_font_holder\" style=\"font-family: Raleway; font-size: 16px; font-weight: 400; text-align: left;\"><span><\/p>\n<h5>Yksityistunnit<\/h5>\n<p><\/span><\/div><div class=\"custom_font_holder\" style=\"font-family: Raleway; font-size: 16px; font-weight: 400; text-align: left;\"><span>Sinulla on mahdollisuus kysy\u00e4 tarjousta Annikan tai muiden opettajien yksityistunneista. Tanssitekniikkayks\u00e4rit, kisakoreotreenit soololle tai duolle, yll\u00e4tyslahja tanssijalle. Ota yhteytt\u00e4 rohkeasti annika.mutila@gmail.com<\/p>\n<p>&nbsp;<\/p>\n<p>&nbsp;<\/p>\n<p>&nbsp;<\/p>\n<p>&nbsp;<\/p>\n<p><\/span><\/div>[\/vc_column][\/vc_row][vc_row][vc_column][\/vc_column][\/vc_row]<\/p>\n","protected":false},"excerpt":{"rendered":"<p>[vc_row type=&#8221;grid&#8221; padding_top=&#8221;80&#8243; padding_bottom=&#8221;0&#8243;][vc_column width=&#8221;1\/2&#8243;][vc_separator type=&#8221;transparent&#8221;][vc_separator type=&#8221;transparent&#8221;][vc_separator type=&#8221;transparent&#8221;][vc_empty_space height=&#8221;50px&#8221;][\/vc_column][vc_column width=&#8221;1\/2&#8243;][vc_column_text] [\/vc_column_text][vc_column_text] [\/vc_column_text][vc_empty_space height=&#8221;50px&#8221;][vc_empty_space height=&#8221;50px&#8221;][vc_column_text] [\/vc_column_text][vc_empty_space height=&#8221;50px&#8221;][\/vc_column][\/vc_row][vc_row][vc_column][\/vc_column][\/vc_row]<\/p>\n","protected":false},"author":1,"featured_media":0,"parent":0,"menu_order":0,"comment_status":"open","ping_status":"closed","template":"contact-page.php","meta":[],"_links":{"self":[{"href":"https:\/\/annikamutila.com\/amds\/index.php?rest_route=\/wp\/v2\/pages\/21947"}],"collection":[{"href":"https:\/\/annikamutila.com\/amds\/index.php?rest_route=\/wp\/v2\/pages"}],"about":[{"href":"https:\/\/annikamutila.com\/amds\/index.php?rest_route=\/wp\/v2\/types\/page"}],"author":[{"embeddable":true,"href":"https:\/\/annikamutila.com\/amds\/index.php?rest_route=\/wp\/v2\/users\/1"}],"replies":[{"embeddable":true,"href":"https:\/\/annikamutila.com\/amds\/index.php?rest_route=%2Fwp%2Fv2%2Fcomments&post=21947"}],"version-history":[{"count":49,"href":"https:\/\/annikamutila.com\/amds\/index.php?rest_route=\/wp\/v2\/pages\/21947\/revisions"}],"predecessor-version":[{"id":22324,"href":"https:\/\/annikamutila.com\/amds\/index.php?rest_route=\/wp\/v2\/pages\/21947\/revisions\/22324"}],"wp:attachment":[{"href":"https:\/\/annikamutila.com\/amds\/index.php?rest_route=%2Fwp%2Fv2%2Fmedia&parent=21947"}],"curies":[{"name":"wp","href":"https:\/\/api.w.org\/{rel}","templated":true}]}}