{"id":21459,"date":"2016-07-03T00:46:13","date_gmt":"2016-07-03T00:46:13","guid":{"rendered":"http:\/\/annikamutila.com\/amds\/?page_id=21459"},"modified":"2020-06-27T20:25:50","modified_gmt":"2020-06-27T20:25:50","slug":"3-4-v-ja-5-6-v-classes","status":"publish","type":"page","link":"https:\/\/annikamutila.com\/amds\/?page_id=21459","title":{"rendered":"0-6-vuotiaiden tanssitunnit"},"content":{"rendered":"<p>[vc_row full_width=&#8221;stretch_row_content&#8221; row_type=&#8221;parallax&#8221; background_image=&#8221;21686&#8243; section_height=&#8221;880&#8243;][vc_column css=&#8221;.vc_custom_1467180070052{background-position: center !important;background-repeat: no-repeat !important;background-size: cover !important;}&#8221;][vc_separator type=&#8221;transparent&#8221;][vc_row_inner equal_height=&#8221;yes&#8221; content_placement=&#8221;middle&#8221; type=&#8221;grid&#8221; use_row_as_full_screen_section_slide=&#8221;yes&#8221; css=&#8221;.vc_custom_1467352159536{margin-top: 0px !important;margin-bottom: 0px !important;}&#8221;][vc_column_inner css=&#8221;.vc_custom_1467299441687{padding-top: 25% !important;padding-bottom: 25% !important;}&#8221;]<div class=\"custom_font_holder\" style=\"font-family: Raleway; font-size: 16px; font-weight: 400; color: #ffffff; text-align: left;\"><span><\/p>\n<p><strong>Vauva-aikuinen -musiikkiliikunta (noin 2-12 kk)<\/strong><\/p>\n<p>&nbsp;<\/p>\n<p>&nbsp;<\/p>\n<p><strong>Taapero-aikuinen -musiikkiliikunta (noin 1-3 v.)<\/strong><\/p>\n<p>&nbsp;<\/p>\n<p>&nbsp;<\/p>\n<p>&nbsp;<\/p>\n<p><strong>3-4 v. ja 5-6 v. Dance sek\u00e4 Baletti<\/strong><\/p>\n<p>&nbsp;<\/p>\n<p>&nbsp;<\/p>\n<p>&nbsp;<\/p>\n<p>Uusi!<\/p>\n<p><strong>Vauva-aikuinen -musiikkiliikunta (2-12 kk) ja\u00a0Taapero-aikuinen -musiikkiliikunta (1-3 v.)<\/strong><\/p>\n<p>Yhteinen liikuntahetki lapselle ja aikuiselle. Tunti on vuorovaikutuksellinen tanssi- ja liikuntatuokio, mink\u00e4 tavoite on lapsen kokonaisvaltaisen kehityksen tukeminen ja perusliikuntataitojen harjoittaminen.<\/p>\n<p>&nbsp;<\/p>\n<p><span data-originalfontsize=\"16px\" data-originalcomputedfontsize=\"16\">Vauva-aikuinen ja taapero-aikuinen -musiikkiliikunta on yhteinen hetki loruillen, laulaen sek\u00e4 musiikin tahdissa liikkuen. Tunnilla tutustutaan vauvan kehonhallintaan ja liikutaan vauvan ehdoilla, unohtamatta \u00e4idin\/aikuisen omaa liikkumista. Tunti sis\u00e4lt\u00e4\u00e4 my\u00f6s aikuisen oman jumppahetken, jossa kiinnitet\u00e4\u00e4n huomiota \u00a0hyvinvointiin. Vauvan tulee jumppaan tullessaan osata kannatella p\u00e4\u00e4t\u00e4\u00e4n.<\/span><\/p>\n<div dir=\"ltr\"><\/div>\n<div dir=\"ltr\"><span data-originalfontsize=\"16px\" data-originalcomputedfontsize=\"16\">Lapsen ja aikuisen yhteinen musiikkiliikunta- ja temppuilutunti. Tunneilla harjoitellaan perusliikuntataitoja musiikin s\u00e4est\u00e4m\u00e4n\u00e4. Lis\u00e4ksi temppuillaan, lauletaan, loruillaan ja leikit\u00e4\u00e4n yhdess\u00e4.<\/span><\/div>\n<div dir=\"ltr\"><\/div>\n<div dir=\"ltr\"><span data-originalfontsize=\"16px\" data-originalcomputedfontsize=\"16\">Perheliikuntatuokiot voivat parhaimmillaan olla lapsille sek\u00e4 vanhemmille ikimuistoisia el\u00e4myksi\u00e4 ja rakentavat samalla terveytt\u00e4 edist\u00e4v\u00e4n liikuntaharrastuksen pohjaa my\u00f6s tuleville vuosille. Tavoiteena on liikunnan riemu ja yhteiset onnistumisen el\u00e4mykset. Suosittelemme l\u00e4mpim\u00e4sti perheliikuntatunteja perheen pienenmille!<\/span><\/div>\n<p>&nbsp;<\/p>\n<p>&nbsp;<\/p>\n<p>&nbsp;<\/p>\n<p><strong>3-4-vuotiaat ja 5-6-vuotiaat\u00a0<\/strong><\/p>\n<p><strong>Dance sek\u00e4 Baletti<\/strong><\/p>\n<p>&nbsp;<\/p>\n<p>Lastentanssitunneilla rohkaistaan lasta nauttimaan liikkumisesta ja ilmaisusta musiikin ja rytmin viet\u00e4v\u00e4n\u00e4 sek\u00e4 opetellaan olemaan ryhm\u00e4n j\u00e4senen\u00e4. Tunneilla opetellaan oman kehon hallintaa ja tuntemista perusliikuntataitoja kehitt\u00e4en. Jokaisella ik\u00e4ryhm\u00e4ll\u00e4 on omat kehitysalueet, joihin tanssitunneilla keskityt\u00e4\u00e4n. Pienimmilt\u00e4 tanssijoilta eli 3-4 v. ryhm\u00e4l\u00e4isilt\u00e4 vaaditaan sen verran rohkeutta, ett\u00e4 tanssija uskaltautuu j\u00e4\u00e4m\u00e4\u00e4n tunnille ilman vanhempia. \u00a0Eri tasoryhm\u00e4t alkavat seitsem\u00e4st\u00e4 ik\u00e4vuodesta yl\u00f6sp\u00e4in. \u00a0Syksyll\u00e4 2019 lastentanssilajeina Dance sek\u00e4 Baletti.<\/span><\/div>[vc_separator type=&#8221;transparent&#8221;]<div class=\"custom_font_holder\" style=\"font-family: Raleway; font-size: 16px; font-weight: 400; color: #ffffff; text-align: left;\"><span>Dance -tunnille vaatteet, joissa helppo liikkua (esim. trikoot ja toppi) ja paljaat varpaat. Hiukset kiinni.<\/p>\n<p>Balettitunnille harjoituspuku tai tyllipuku, vaaleat sukkahousut ja harjoitustossut. Hiukset siististi nutturalle.<\/span><\/div><div class=\"custom_font_holder\" style=\"font-family: Raleway; font-size: 16px; font-weight: 400; color: #ffffff; text-align: left;\"><span><\/span><\/div><div class=\"custom_font_holder\" style=\"font-family: Raleway; font-size: 16px; font-weight: 400; color: #ffffff; text-align: left;\"><span>Kaikki halukkaat lapset p\u00e4\u00e4sev\u00e4t esiintym\u00e4\u00e4n tanssin\u00e4yt\u00f6kseen marraskuussa 2020.<\/p>\n<p>&nbsp;<\/p>\n<p><\/span><\/div>[\/vc_column_inner][\/vc_row_inner][\/vc_column][\/vc_row]<\/p>\n","protected":false},"excerpt":{"rendered":"<p>[vc_row full_width=&#8221;stretch_row_content&#8221; row_type=&#8221;parallax&#8221; background_image=&#8221;21686&#8243; section_height=&#8221;880&#8243;][vc_column css=&#8221;.vc_custom_1467180070052{background-position: center !important;background-repeat: no-repeat !important;background-size: cover !important;}&#8221;][vc_separator type=&#8221;transparent&#8221;][vc_row_inner equal_height=&#8221;yes&#8221; content_placement=&#8221;middle&#8221; type=&#8221;grid&#8221; use_row_as_full_screen_section_slide=&#8221;yes&#8221; css=&#8221;.vc_custom_1467352159536{margin-top: 0px !important;margin-bottom: 0px !important;}&#8221;][vc_column_inner css=&#8221;.vc_custom_1467299441687{padding-top: 25% !important;padding-bottom: 25% !important;}&#8221;][vc_separator type=&#8221;transparent&#8221;][\/vc_column_inner][\/vc_row_inner][\/vc_column][\/vc_row]<\/p>\n","protected":false},"author":1,"featured_media":0,"parent":0,"menu_order":0,"comment_status":"open","ping_status":"closed","template":"full_width.php","meta":[],"_links":{"self":[{"href":"https:\/\/annikamutila.com\/amds\/index.php?rest_route=\/wp\/v2\/pages\/21459"}],"collection":[{"href":"https:\/\/annikamutila.com\/amds\/index.php?rest_route=\/wp\/v2\/pages"}],"about":[{"href":"https:\/\/annikamutila.com\/amds\/index.php?rest_route=\/wp\/v2\/types\/page"}],"author":[{"embeddable":true,"href":"https:\/\/annikamutila.com\/amds\/index.php?rest_route=\/wp\/v2\/users\/1"}],"replies":[{"embeddable":true,"href":"https:\/\/annikamutila.com\/amds\/index.php?rest_route=%2Fwp%2Fv2%2Fcomments&post=21459"}],"version-history":[{"count":24,"href":"https:\/\/annikamutila.com\/amds\/index.php?rest_route=\/wp\/v2\/pages\/21459\/revisions"}],"predecessor-version":[{"id":22226,"href":"https:\/\/annikamutila.com\/amds\/index.php?rest_route=\/wp\/v2\/pages\/21459\/revisions\/22226"}],"wp:attachment":[{"href":"https:\/\/annikamutila.com\/amds\/index.php?rest_route=%2Fwp%2Fv2%2Fmedia&parent=21459"}],"curies":[{"name":"wp","href":"https:\/\/api.w.org\/{rel}","templated":true}]}}