{"id":21396,"date":"2016-07-02T21:14:04","date_gmt":"2016-07-02T21:14:04","guid":{"rendered":"http:\/\/annikamutila.com\/amds\/?page_id=21396"},"modified":"2021-05-31T10:22:39","modified_gmt":"2021-05-31T10:22:39","slug":"lasten-lajitreenit","status":"publish","type":"page","link":"https:\/\/annikamutila.com\/amds\/?page_id=21396","title":{"rendered":"Lasten lajitreenit"},"content":{"rendered":"<p>[vc_row full_width=&#8221;stretch_row_content&#8221; type=&#8221;grid&#8221; text_align=&#8221;right&#8221; background_color=&#8221;#471f59&#8243; css=&#8221;.vc_custom_1529417925067{background-color: #471f59 !important;}&#8221;][vc_column css=&#8221;.vc_custom_1467567296688{background-position: center !important;background-repeat: no-repeat !important;background-size: cover !important;}&#8221;][vc_row_inner equal_height=&#8221;yes&#8221; content_placement=&#8221;middle&#8221; type=&#8221;grid&#8221; use_row_as_full_screen_section_slide=&#8221;yes&#8221; css=&#8221;.vc_custom_1467352159536{margin-top: 0px !important;margin-bottom: 0px !important;}&#8221;][vc_column_inner css=&#8221;.vc_custom_1468080283822{padding-top: 15% !important;padding-bottom: 15% !important;}&#8221;]<div class=\"custom_font_holder\" style=\"font-family: Raleway; font-size: 56px; line-height: 60px; color: #ffffff; letter-spacing: 4px; text-align: left;\"><span>Dance<\/span><\/div>[vc_separator type=&#8221;transparent&#8221;]<div class=\"custom_font_holder\" style=\"font-family: Raleway; font-size: 16px; line-height: 27px; font-weight: 400; color: #ffffff; text-align: left;\"><span>Dance tuntien t\u00e4rkeimp\u00e4n\u00e4 tavoitteena on pit\u00e4\u00e4 hauskaa, nauttia liikkeest\u00e4 ja musiikista. Koordinaation ja motoriikan kehittymisen tueksi harjoitetaan perustekniikkaa ja lihaskuntoa. Alkul\u00e4mmittelyin\u00e4 tehd\u00e4\u00e4n helppoja tanssisarjoja sek\u00e4 lihaskunto- ja venyttelyharjoituksia. Erilaiset liikkuvat sarjat opettavat koordinaatiota ja tekniikkaa. Dance jatkotason\u00a0tunneilla tanssisarjat vaikeutuvat sek\u00e4 tekniikkaharjoitusten tempo nopeutuu ja m\u00e4\u00e4r\u00e4 kasvaa tanssiniloa unohtamatta.<\/span><\/div>[vc_separator type=&#8221;transparent&#8221;]<div class=\"custom_font_holder\" style=\"font-family: Raleway; font-size: 16px; line-height: 27px; font-weight: 400; color: #ffffff; text-align: left;\"><span>Dance-tunnille vaatteet, joissa mukava liikkua. Paljaat varpaat tai p\u00e4ki\u00e4suojat (ei kenki\u00e4).<\/span><\/div>[vc_separator type=&#8221;transparent&#8221; thickness=&#8221;29&#8243;][\/vc_column_inner][\/vc_row_inner][\/vc_column][\/vc_row][vc_row full_width=&#8221;stretch_row&#8221; parallax=&#8221;content-moving&#8221; type=&#8221;grid&#8221; background_color=&#8221;#421e39&#8243; css=&#8221;.vc_custom_1529417939329{background-color: #421e39 !important;}&#8221;][vc_column css=&#8221;.vc_custom_1467567308432{background-position: center !important;background-repeat: no-repeat !important;background-size: cover !important;}&#8221;][\/vc_column][\/vc_row][vc_row full_width=&#8221;stretch_row&#8221; parallax=&#8221;content-moving&#8221; type=&#8221;grid&#8221; background_color=&#8221;#965569&#8243; css=&#8221;.vc_custom_1529417430140{background-color: #965569 !important;}&#8221;][vc_column css=&#8221;.vc_custom_1467567308432{background-position: center !important;background-repeat: no-repeat !important;background-size: cover !important;}&#8221;][vc_row_inner equal_height=&#8221;yes&#8221; content_placement=&#8221;middle&#8221; type=&#8221;grid&#8221; use_row_as_full_screen_section_slide=&#8221;yes&#8221; css=&#8221;.vc_custom_1529417021607{margin-top: 0px !important;margin-bottom: 0px !important;}&#8221;][vc_column_inner css=&#8221;.vc_custom_1529416919090{padding-top: 15% !important;padding-bottom: 15% !important;}&#8221;][vc_separator type=&#8221;transparent&#8221; thickness=&#8221;2&#8243;]<div class=\"custom_font_holder\" style=\"font-family: Raleway; font-size: 56px; line-height: 60px; color: #ffffff; letter-spacing: 4px; text-align: left;\"><span>Show<\/span><\/div><div class=\"custom_font_holder\" style=\"font-family: Raleway; font-size: 16px; line-height: 27px; font-weight: 400; color: #ffffff; text-align: left;\"><span>Show on monipuolinen treenitunti, jossa tanssitaan koko keholla el\u00e4ytyen musiikkiin. Tunnilla tehd\u00e4\u00e4n \u00a0tanssisarjojen lis\u00e4ksi monipuolisia tekniikkaharjoituksia. Jatkotason tunnit\u00a0 ovat teknisesti vaativimpia ja tunneilla harjoitellaan runsaasti my\u00f6s rytmiikkaa ja tanssitekniikkaa. Tunnin sis\u00e4lt\u00f6\u00f6n vaikuttaa suuresti opettajan oma ja persoonallinen tyyli.<\/p>\n<p>Show-tunnille paljaat varpaat tai p\u00e4ki\u00e4suojat. Treeniasu mustat sortsit ja musta toppi.<\/span><\/div>[vc_separator type=&#8221;transparent&#8221; thickness=&#8221;29&#8243;][\/vc_column_inner][\/vc_row_inner][\/vc_column][\/vc_row][vc_row full_width=&#8221;stretch_row&#8221; parallax=&#8221;content-moving&#8221; type=&#8221;grid&#8221; background_color=&#8221;#ed9e5a&#8221; css=&#8221;.vc_custom_1529417876328{background-color: #edaa6f !important;}&#8221;][vc_column css=&#8221;.vc_custom_1467567308432{background-position: center !important;background-repeat: no-repeat !important;background-size: cover !important;}&#8221;][vc_row_inner equal_height=&#8221;yes&#8221; content_placement=&#8221;middle&#8221; type=&#8221;grid&#8221; use_row_as_full_screen_section_slide=&#8221;yes&#8221; css=&#8221;.vc_custom_1467352159536{margin-top: 0px !important;margin-bottom: 0px !important;}&#8221;][vc_column_inner css=&#8221;.vc_custom_1468080232902{padding-top: 15% !important;padding-bottom: 15% !important;}&#8221;]<div class=\"custom_font_holder\" style=\"font-family: Crete Round; font-size: 24px; font-style: italic; font-weight: 400; color: #ffffff; text-align: left;\"><span><\/span><\/div>[vc_separator type=&#8221;transparent&#8221; thickness=&#8221;2&#8243;]<div class=\"custom_font_holder\" style=\"font-family: Raleway; font-size: 56px; line-height: 60px; color: #ffffff; letter-spacing: 4px; text-align: left;\"><span>Nykytanssi<\/span><\/div>[vc_separator type=&#8221;transparent&#8221;]<div class=\"custom_font_holder\" style=\"font-family: Raleway; font-size: 16px; line-height: 27px; font-weight: 400; color: #ffffff; text-align: left;\"><span>Nykytanssitunnilla keskityt\u00e4\u00e4n liikkeen virtaavuuteen ja heitt\u00e4ytymiseen. Tunti alkaa l\u00e4mmittely- sek\u00e4 tekniikkasarjoilla (modernitanssi) ja huipentuu vaihtuvaan tanssisarjaan. Tanssisarjoissa k\u00e4ytet\u00e4\u00e4n paljon eri tasoja ja keskityt\u00e4\u00e4n eri liikelaatujen kirkkauteen. Nykytanssitunnilla haetaan omaa tapaa liikkua erilaisilla improvisaatioharjoituksilla.<\/span><\/div>[vc_separator type=&#8221;transparent&#8221;]<div class=\"custom_font_holder\" style=\"font-family: Raleway; font-size: 16px; line-height: 27px; font-weight: 400; color: #ffffff; text-align: left;\"><span>Nykytanssiin mustat mikroshortsit ja musta toppi. Halutessaan voi ottaa mukaan my\u00f6s pitk\u00e4hihaisen paidan lattiasarjoja varten. Paljaat varpaat tai p\u00e4ki\u00e4suojat.<\/span><\/div>[vc_separator type=&#8221;transparent&#8221; thickness=&#8221;29&#8243;][\/vc_column_inner][vc_column_inner][\/vc_column_inner][\/vc_row_inner][\/vc_column][\/vc_row][vc_row full_width=&#8221;stretch_row_content&#8221; type=&#8221;grid&#8221; text_align=&#8221;right&#8221; background_color=&#8221;#999999&#8243; css=&#8221;.vc_custom_1529417462301{background-color: #999999 !important;}&#8221;][vc_column css=&#8221;.vc_custom_1467567317064{background-position: center !important;background-repeat: no-repeat !important;background-size: cover !important;}&#8221;][vc_row_inner equal_height=&#8221;yes&#8221; content_placement=&#8221;middle&#8221; type=&#8221;grid&#8221; use_row_as_full_screen_section_slide=&#8221;yes&#8221; css=&#8221;.vc_custom_1467352159536{margin-top: 0px !important;margin-bottom: 0px !important;}&#8221;][vc_column_inner css=&#8221;.vc_custom_1468080570070{padding-top: 15% !important;padding-bottom: 15% !important;}&#8221;]<div class=\"custom_font_holder\" style=\"font-family: Crete Round; font-size: 24px; font-style: italic; font-weight: 400; color: #ffffff; text-align: left;\"><span>Ei syyskaudella 2020. Ryhm\u00e4\u00e4 vastaava tunti syksyll\u00e4 \u201dStreet 9-12 v.\u201d<\/span><\/div><div class=\"custom_font_holder\" style=\"font-family: Raleway; font-size: 56px; line-height: 60px; color: #ffffff; letter-spacing: 4px; text-align: left;\"><span>Freestyle &#8211; Pojat<\/span><\/div>[vc_separator type=&#8221;transparent&#8221;]<div class=\"custom_font_holder\" style=\"font-family: Raleway; font-size: 16px; line-height: 27px; font-weight: 400; color: #ffffff; text-align: left;\"><span>Vihdoin pojille oma treenitunti Freestyle! Tunnilla sekoitetaan eri katutanssityylej\u00e4 breakdance, popping, locking, hip hop, new style. Tunti kehitt\u00e4\u00e4 rytmitajua, kehonhallintaa, tasapainoa, koordinaatiota ja lihaskuntoa.<\/p>\n<p><\/span><\/div>[vc_separator type=&#8221;transparent&#8221;]<div class=\"custom_font_holder\" style=\"font-family: Raleway; font-size: 16px; line-height: 27px; font-weight: 400; color: #ffffff; text-align: left;\"><span>Tarvitset Freestyle tunnille sis\u00e4keng\u00e4t (huom!puhtaat pohjat!!) ja vaatteet, joissa mukava liikkua.<\/span><\/div>[vc_separator type=&#8221;transparent&#8221; thickness=&#8221;29&#8243;][\/vc_column_inner][\/vc_row_inner][\/vc_column][\/vc_row][vc_row full_width=&#8221;stretch_row_content&#8221; type=&#8221;grid&#8221; text_align=&#8221;right&#8221; background_color=&#8221;#999999&#8243; css=&#8221;.vc_custom_1529417572667{background-color: #992727 !important;}&#8221;][vc_column css=&#8221;.vc_custom_1467567317064{background-position: center !important;background-repeat: no-repeat !important;background-size: cover !important;}&#8221;][vc_row_inner equal_height=&#8221;yes&#8221; content_placement=&#8221;middle&#8221; type=&#8221;grid&#8221; use_row_as_full_screen_section_slide=&#8221;yes&#8221; css=&#8221;.vc_custom_1467352159536{margin-top: 0px !important;margin-bottom: 0px !important;}&#8221;][vc_column_inner css=&#8221;.vc_custom_1468080570070{padding-top: 15% !important;padding-bottom: 15% !important;}&#8221;]<div class=\"custom_font_holder\" style=\"font-family: Crete Round; font-size: 24px; font-style: italic; font-weight: 400; color: #ffffff; text-align: left;\"><span><\/span><\/div><div class=\"custom_font_holder\" style=\"font-family: Raleway; font-size: 56px; line-height: 60px; color: #ffffff; letter-spacing: 4px; text-align: left;\"><span>Street<\/span><\/div>[vc_separator type=&#8221;transparent&#8221;]<div class=\"custom_font_holder\" style=\"font-family: Raleway; font-size: 16px; line-height: 27px; font-weight: 400; color: #ffffff; text-align: left;\"><span>Tunnilla harjoitellaan streetlajien perustekniikkaa, askelsarjoja ja isolaatioita. Tunnin p\u00e4\u00e4paino on tanssisarjassa hauskanpitoa unohtamatta. Street-tyylin peruspilarina on musiikintulkinta ja improvisaatio.<\/p>\n<p>Tunti sopii erinomaisesti my\u00f6s pojille.<\/span><\/div>[vc_separator type=&#8221;transparent&#8221;]<div class=\"custom_font_holder\" style=\"font-family: Raleway; font-size: 16px; line-height: 27px; font-weight: 400; color: #ffffff; text-align: left;\"><span>Tarvitset Street-tunnille sis\u00e4keng\u00e4t (huom!puhtaat pohjat!!) ja vaatteet, joissa mukava liikkua.<\/span><\/div>[vc_separator type=&#8221;transparent&#8221; thickness=&#8221;29&#8243;][\/vc_column_inner][\/vc_row_inner][\/vc_column][\/vc_row][vc_row full_width=&#8221;stretch_row_content&#8221; type=&#8221;grid&#8221; background_color=&#8221;#6ea383&#8243; css=&#8221;.vc_custom_1529417932380{background-color: #471f59 !important;}&#8221;][vc_column css=&#8221;.vc_custom_1467567326679{background-position: center !important;background-repeat: no-repeat !important;background-size: cover !important;}&#8221;][vc_row_inner equal_height=&#8221;yes&#8221; content_placement=&#8221;middle&#8221; type=&#8221;grid&#8221; use_row_as_full_screen_section_slide=&#8221;yes&#8221; css=&#8221;.vc_custom_1467352159536{margin-top: 0px !important;margin-bottom: 0px !important;}&#8221;][vc_column_inner css=&#8221;.vc_custom_1467299441687{padding-top: 15% !important;padding-bottom: 15% !important;}&#8221;]<div class=\"custom_font_holder\" style=\"font-family: Crete Round; font-size: 24px; font-style: italic; font-weight: 400; color: #ffffff; text-align: left;\"><span><\/span><\/div>[vc_separator type=&#8221;transparent&#8221; thickness=&#8221;2&#8243;]<div class=\"custom_font_holder\" style=\"font-family: Crete Round; font-size: 24px; font-style: italic; font-weight: 400; color: #ffffff; text-align: left;\"><span><\/span><\/div><div class=\"custom_font_holder\" style=\"font-family: Raleway; font-size: 56px; line-height: 60px; color: #ffffff; letter-spacing: 4px; text-align: left;\"><span>Cheerleading<\/span><\/div>[vc_separator type=&#8221;transparent&#8221;]<div class=\"custom_font_holder\" style=\"font-family: Raleway; font-size: 16px; line-height: 27px; font-weight: 400; color: #ffffff; text-align: left;\"><span>Cheerleading on innostava laji, jossa tehd\u00e4\u00e4n yhdess\u00e4 nostoja, akrobatiaa ja kannustushuutoja. \u00a0Lajissa yhdistyy tanssi ja akrobatia. Cheerleading vahvistaa koordinaatiota, notkeutta ja kehonhallintaa. Cheerleading-tunnin rinnalle suositellaan A.M. Dancen akrobatia-tuntia tukemaan toisiaan. Tunnit ovat per\u00e4kk\u00e4in lukuj\u00e4rjestyksess\u00e4.<\/span><\/div>[vc_separator type=&#8221;transparent&#8221;][vc_separator type=&#8221;transparent&#8221; thickness=&#8221;29&#8243;][\/vc_column_inner][\/vc_row_inner][\/vc_column][\/vc_row][vc_row full_width=&#8221;stretch_row_content&#8221; type=&#8221;grid&#8221; background_color=&#8221;#4b9696&#8243; css=&#8221;.vc_custom_1529417963880{background-color: #8bbf82 !important;}&#8221;][vc_column css=&#8221;.vc_custom_1467567337959{background-position: center !important;background-repeat: no-repeat !important;background-size: cover !important;}&#8221;]<div class=\"custom_font_holder\" style=\"font-family: Raleway; font-size: 16px; line-height: 27px; font-weight: 400; color: #ffffff; text-align: left;\"><span>Cheerleading-tunnille mustat mikroshortsit ja musta toppi. Paljaat varpaat tai p\u00e4ki\u00e4suojat.<\/span><\/div>[vc_row_inner equal_height=&#8221;yes&#8221; content_placement=&#8221;middle&#8221; type=&#8221;grid&#8221; use_row_as_full_screen_section_slide=&#8221;yes&#8221; css=&#8221;.vc_custom_1467352159536{margin-top: 0px !important;margin-bottom: 0px !important;}&#8221;][vc_column_inner css=&#8221;.vc_custom_1467299441687{padding-top: 15% !important;padding-bottom: 15% !important;}&#8221;]<div class=\"custom_font_holder\" style=\"font-family: Raleway; font-size: 56px; line-height: 60px; color: #ffffff; letter-spacing: 4px; text-align: left;\"><span>Baletti<\/span><\/div><div class=\"custom_font_holder\" style=\"font-family: Crete Round; font-size: 24px; font-style: italic; font-weight: 400; color: #ffffff; text-align: left;\"><span><\/span><\/div>[vc_separator type=&#8221;transparent&#8221; thickness=&#8221;2&#8243;][vc_separator type=&#8221;transparent&#8221;]<div class=\"custom_font_holder\" style=\"font-family: Raleway; font-size: 16px; line-height: 27px; font-weight: 400; color: #ffffff; text-align: left;\"><span>Balettitunneilla keskityt\u00e4\u00e4n vartalon oikeaan linjaukseen ja aukikierron l\u00f6yt\u00e4miseen. Tunneilla tehd\u00e4\u00e4n harjoituksia tangolla, keskilattialla ja tilassa liikkuen. Tunti on erinomainen sivulaji kaikille jazz- ja nykytanssiin suuntautuville.<\/span><\/div>[vc_separator type=&#8221;transparent&#8221;]<div class=\"custom_font_holder\" style=\"font-family: Raleway; font-size: 16px; line-height: 27px; font-weight: 400; color: #ffffff; text-align: left;\"><span>Balettitunnille balettipuku (jumppapuku), valkoiset sukkahousut ja vaaleat balettitossut. Hiukset oltava siististi nutturalla.<\/span><\/div>[vc_separator type=&#8221;transparent&#8221; thickness=&#8221;29&#8243;][\/vc_column_inner][\/vc_row_inner][\/vc_column][\/vc_row][vc_row full_width=&#8221;stretch_row_content&#8221; type=&#8221;grid&#8221; background_color=&#8221;#4b9696&#8243; css=&#8221;.vc_custom_1529417978639{background-color: #dd7c7c !important;}&#8221;][vc_column css=&#8221;.vc_custom_1467567337959{background-position: center !important;background-repeat: no-repeat !important;background-size: cover !important;}&#8221;][vc_row_inner equal_height=&#8221;yes&#8221; content_placement=&#8221;middle&#8221; type=&#8221;grid&#8221; use_row_as_full_screen_section_slide=&#8221;yes&#8221; css=&#8221;.vc_custom_1467352159536{margin-top: 0px !important;margin-bottom: 0px !important;}&#8221;][vc_column_inner css=&#8221;.vc_custom_1467299441687{padding-top: 15% !important;padding-bottom: 15% !important;}&#8221;][vc_separator type=&#8221;transparent&#8221; thickness=&#8221;2&#8243;]<div class=\"custom_font_holder\" style=\"font-family: Raleway; font-size: 56px; line-height: 60px; color: #ffffff; letter-spacing: 4px; text-align: left;\"><span>Venyttely<\/span><\/div>[vc_separator type=&#8221;transparent&#8221;]<div class=\"custom_font_holder\" style=\"font-family: Raleway; font-size: 16px; line-height: 27px; font-weight: 400; color: #ffffff; text-align: left;\"><span><\/p>\n<div class=\"custom_font_holder\">Tanssijoille sek\u00e4 muille liikkujille monipuolinen kehonhuolto- ja venyttelytunti. Tunnilla l\u00e4mmitet\u00e4\u00e4n keho lempe\u00e4sti, tehd\u00e4\u00e4n sek\u00e4 lyhyit\u00e4 ett\u00e4 pitki\u00e4 venytyksi\u00e4. Tunti on t\u00e4rke\u00e4 lis\u00e4treeni tanssijoille, sill\u00e4 eri tanssilajit vaativat liikkuvuutta.<\/div>\n<div class=\"separator transparent \"><\/div>\n<div class=\"custom_font_holder\">Otathan mukaan oman jumppa-alustan!<\/div>\n<p><\/span><\/div>[vc_separator type=&#8221;transparent&#8221; thickness=&#8221;29&#8243;][\/vc_column_inner][\/vc_row_inner][\/vc_column][\/vc_row][vc_row full_width=&#8221;stretch_row_content&#8221; type=&#8221;grid&#8221; background_color=&#8221;#1c1c1c&#8221; css=&#8221;.vc_custom_1529417993330{background-color: #a3a3a3 !important;}&#8221;][vc_column css=&#8221;.vc_custom_1467567347407{background-position: center !important;background-repeat: no-repeat !important;background-size: cover !important;}&#8221;][vc_row_inner equal_height=&#8221;yes&#8221; content_placement=&#8221;middle&#8221; type=&#8221;grid&#8221; use_row_as_full_screen_section_slide=&#8221;yes&#8221; css=&#8221;.vc_custom_1467352159536{margin-top: 0px !important;margin-bottom: 0px !important;}&#8221;][vc_column_inner css=&#8221;.vc_custom_1467299441687{padding-top: 15% !important;padding-bottom: 15% !important;}&#8221;]<div class=\"custom_font_holder\" style=\"font-family: Crete Round; font-size: 24px; font-style: italic; font-weight: 400; color: #ffffff; text-align: left;\"><span><\/span><\/div>[vc_separator type=&#8221;transparent&#8221; thickness=&#8221;2&#8243;]<div class=\"custom_font_holder\" style=\"font-family: Raleway; font-size: 56px; line-height: 60px; color: #ffffff; letter-spacing: 4px; text-align: left;\"><span>Dance Akrobatia<\/span><\/div>[vc_separator type=&#8221;transparent&#8221;]<div class=\"custom_font_holder\" style=\"font-family: Raleway; font-size: 16px; line-height: 27px; font-weight: 400; color: #ffffff; text-align: left;\"><span>Akrobatia tunnilla harjoitellaan akrobatian alkeita sek\u00e4 vaikeampia variaatioita tanssiliikkeisiin yhdistettyn\u00e4. Treeni haastaa varmasti jokaisen oppijan omalla tasollaan. Tunnilla harjoitellaan liikkeit\u00e4, jotka parantavat kehonhallintaa ja mahdollistavat oppilaan harjoittelemaan vaativampia variaatioita.<\/span><\/div>[vc_separator type=&#8221;transparent&#8221;]<div class=\"custom_font_holder\" style=\"font-family: Raleway; font-size: 16px; line-height: 27px; font-weight: 400; color: #ffffff; text-align: left;\"><span>T\u00e4lle tunnille mustat mikrosortsit ja musta toppi. Paljaat varpaat.<\/span><\/div>[vc_separator type=&#8221;transparent&#8221; thickness=&#8221;29&#8243;][\/vc_column_inner][\/vc_row_inner][\/vc_column][\/vc_row][vc_row full_width=&#8221;stretch_row_content&#8221; type=&#8221;grid&#8221; text_align=&#8221;right&#8221; background_color=&#8221;#3d437a&#8221; css=&#8221;.vc_custom_1529418001630{background-color: #4d4491 !important;}&#8221;][vc_column css=&#8221;.vc_custom_1467567357535{background-position: center !important;background-repeat: no-repeat !important;background-size: cover !important;}&#8221;][vc_row_inner equal_height=&#8221;yes&#8221; content_placement=&#8221;middle&#8221; type=&#8221;grid&#8221; use_row_as_full_screen_section_slide=&#8221;yes&#8221; css=&#8221;.vc_custom_1467352159536{margin-top: 0px !important;margin-bottom: 0px !important;}&#8221;][vc_column_inner css=&#8221;.vc_custom_1467299441687{padding-top: 15% !important;padding-bottom: 15% !important;}&#8221;]<div class=\"custom_font_holder\" style=\"font-family: Raleway; font-size: 56px; line-height: 60px; color: #ffffff; letter-spacing: 4px; text-align: left;\"><span>Lyrical<\/span><\/div>[vc_separator type=&#8221;transparent&#8221;]<div class=\"custom_font_holder\" style=\"font-family: Raleway; font-size: 16px; line-height: 27px; font-weight: 400; color: #ffffff; text-align: left;\"><span><\/p>\n<div class=\"custom_font_holder\">Lyrical jazz tanssilaji, miss\u00e4 sekoittuu baletti, nykytanssi ja jazztanssi. Tunneilla tehd\u00e4\u00e4n erilaisia tekniikkaharjoituksia, diagonaalip\u00e4tki\u00e4\u00a0ja tanssisarjoja. \u00a0Tunnin p\u00e4\u00e4paino on loppusarjassa, mink\u00e4 musiikkina k\u00e4ytet\u00e4\u00e4n p\u00e4\u00e4s\u00e4\u00e4nt\u00f6isesti hitaita biisej\u00e4. Lyrical jazz kehitt\u00e4\u00e4 tekniikan lis\u00e4ksi tanssijan heitt\u00e4ytymist\u00e4 ja ilmaisua musiikkiin.<\/div>\n<div class=\"separator transparent \"><\/div>\n<div class=\"custom_font_holder\"><\/div>\n<p><\/span><\/div>[vc_separator type=&#8221;transparent&#8221;]<div class=\"custom_font_holder\" style=\"font-family: Raleway; font-size: 16px; line-height: 27px; font-weight: 400; color: #ffffff; text-align: left;\"><span>Tanssitunnille tunnille mustat mikroshortsit ja musta toppi. Paljaat varpaat tai p\u00e4ki\u00e4suojat.<\/span><\/div>[vc_separator type=&#8221;transparent&#8221; thickness=&#8221;29&#8243;][\/vc_column_inner][\/vc_row_inner][\/vc_column][\/vc_row][vc_row full_width=&#8221;stretch_row_content&#8221; type=&#8221;grid&#8221; text_align=&#8221;right&#8221; background_color=&#8221;#4d4b96&#8243; css=&#8221;.vc_custom_1529417744378{background-color: #9ba559 !important;}&#8221;][vc_column][vc_row_inner equal_height=&#8221;yes&#8221; content_placement=&#8221;middle&#8221; type=&#8221;grid&#8221; use_row_as_full_screen_section_slide=&#8221;yes&#8221; css=&#8221;.vc_custom_1467352159536{margin-top: 0px !important;margin-bottom: 0px !important;}&#8221;][vc_column_inner css=&#8221;.vc_custom_1467299441687{padding-top: 15% !important;padding-bottom: 15% !important;}&#8221;][vc_separator type=&#8221;transparent&#8221;]<div class=\"custom_font_holder\" style=\"font-family: Raleway; font-size: 56px; line-height: 60px; color: #ffffff; letter-spacing: 4px; text-align: left;\"><span>Showlatin<\/span><\/div>[vc_separator type=&#8221;transparent&#8221;]<div class=\"custom_font_holder\" style=\"font-family: Raleway; font-size: 16px; line-height: 27px; font-weight: 400; color: #ffffff; text-align: left;\"><span>Showlatin tunnilla yhdistyy showtanssi ja kilpatanssilattarit. Treeneiss\u00e4 nautitaan lattarirytmeist\u00e4 ja hikoillaan menevien biisien viem\u00e4n\u00e4. Ohjaajalla on vahva kilpatanssitausta ja tunniin liikekieless\u00e4 on s\u00e4h\u00e4kk\u00e4\u00e4 aksentointia sek\u00e4 isoa vartalonk\u00e4ytt\u00f6\u00e4. Let&#8217;s shake and have fun!<\/p>\n<p>Showlatin tunnille paljaat varpaat tai jazztossut. Treenialaosaksi jumppahousut tai halutessaan treenihame.<\/span><\/div>[\/vc_column_inner][\/vc_row_inner][vc_separator type=&#8221;transparent&#8221; thickness=&#8221;29&#8243;][vc_separator type=&#8221;transparent&#8221; thickness=&#8221;29&#8243;][\/vc_column][\/vc_row]<\/p>\n","protected":false},"excerpt":{"rendered":"<p>[vc_row full_width=&#8221;stretch_row_content&#8221; type=&#8221;grid&#8221; text_align=&#8221;right&#8221; background_color=&#8221;#471f59&#8243; css=&#8221;.vc_custom_1529417925067{background-color: #471f59 !important;}&#8221;][vc_column css=&#8221;.vc_custom_1467567296688{background-position: center !important;background-repeat: no-repeat !important;background-size: cover !important;}&#8221;][vc_row_inner equal_height=&#8221;yes&#8221; content_placement=&#8221;middle&#8221; type=&#8221;grid&#8221; use_row_as_full_screen_section_slide=&#8221;yes&#8221; css=&#8221;.vc_custom_1467352159536{margin-top: 0px !important;margin-bottom: 0px !important;}&#8221;][vc_column_inner css=&#8221;.vc_custom_1468080283822{padding-top: 15% !important;padding-bottom: 15% !important;}&#8221;][vc_separator type=&#8221;transparent&#8221;][vc_separator type=&#8221;transparent&#8221;][vc_separator type=&#8221;transparent&#8221; thickness=&#8221;29&#8243;][\/vc_column_inner][\/vc_row_inner][\/vc_column][\/vc_row][vc_row full_width=&#8221;stretch_row&#8221; parallax=&#8221;content-moving&#8221; type=&#8221;grid&#8221; background_color=&#8221;#421e39&#8243; css=&#8221;.vc_custom_1529417939329{background-color: #421e39 !important;}&#8221;][vc_column css=&#8221;.vc_custom_1467567308432{background-position: center !important;background-repeat: no-repeat !important;background-size:&#8230;<\/p>\n","protected":false},"author":1,"featured_media":0,"parent":0,"menu_order":0,"comment_status":"open","ping_status":"closed","template":"full_width.php","meta":[],"_links":{"self":[{"href":"https:\/\/annikamutila.com\/amds\/index.php?rest_route=\/wp\/v2\/pages\/21396"}],"collection":[{"href":"https:\/\/annikamutila.com\/amds\/index.php?rest_route=\/wp\/v2\/pages"}],"about":[{"href":"https:\/\/annikamutila.com\/amds\/index.php?rest_route=\/wp\/v2\/types\/page"}],"author":[{"embeddable":true,"href":"https:\/\/annikamutila.com\/amds\/index.php?rest_route=\/wp\/v2\/users\/1"}],"replies":[{"embeddable":true,"href":"https:\/\/annikamutila.com\/amds\/index.php?rest_route=%2Fwp%2Fv2%2Fcomments&post=21396"}],"version-history":[{"count":20,"href":"https:\/\/annikamutila.com\/amds\/index.php?rest_route=\/wp\/v2\/pages\/21396\/revisions"}],"predecessor-version":[{"id":22304,"href":"https:\/\/annikamutila.com\/amds\/index.php?rest_route=\/wp\/v2\/pages\/21396\/revisions\/22304"}],"wp:attachment":[{"href":"https:\/\/annikamutila.com\/amds\/index.php?rest_route=%2Fwp%2Fv2%2Fmedia&parent=21396"}],"curies":[{"name":"wp","href":"https:\/\/api.w.org\/{rel}","templated":true}]}}