{"id":21274,"date":"2016-07-01T03:36:45","date_gmt":"2016-07-01T03:36:45","guid":{"rendered":"http:\/\/annikamutila.com\/amds\/?page_id=21274"},"modified":"2021-04-28T12:49:17","modified_gmt":"2021-04-28T12:49:17","slug":"treenikausimaksut","status":"publish","type":"page","link":"https:\/\/annikamutila.com\/amds\/?page_id=21274","title":{"rendered":"Hinnasto 2021"},"content":{"rendered":"<p>[vc_row type=&#8221;grid&#8221; padding_top=&#8221;80&#8243; padding_bottom=&#8221;115&#8243;][vc_column][vc_separator type=&#8221;transparent&#8221; thickness=&#8221;1&#8243; up=&#8221;14&#8243; down=&#8221;0&#8243;][vc_column_text]<\/p>\n<h2>Kes\u00e4kauden hinnasto<\/h2>\n<p>[\/vc_column_text][vc_column_text]<\/p>\n<h5><\/h5>\n<h5><img loading=\"lazy\" class=\"alignnone size-medium wp-image-22280\" src=\"http:\/\/annikamutila.com\/amds\/wp-content\/uploads\/2016\/07\/E17EA79D-8DE0-478A-9A09-DC6326EAB020-235x300.jpeg\" alt=\"\" width=\"235\" height=\"300\" srcset=\"https:\/\/annikamutila.com\/amds\/wp-content\/uploads\/2016\/07\/E17EA79D-8DE0-478A-9A09-DC6326EAB020-235x300.jpeg 235w, https:\/\/annikamutila.com\/amds\/wp-content\/uploads\/2016\/07\/E17EA79D-8DE0-478A-9A09-DC6326EAB020.jpeg 640w\" sizes=\"(max-width: 235px) 100vw, 235px\" \/><\/h5>\n<h5><\/h5>\n<h5><\/h5>\n<h5>KEV\u00c4T- ja SYYSKAUDEN HINNASTO<\/h5>\n<h5>Kertamaksu<\/h5>\n<h5>8 \u20ac\/30min,\u00a010 \u20ac\/45min, 12 \u20ac\/60-75min<\/h5>\n<h5><\/h5>\n<h5>Kokeilukerta 5 \u20ac<\/h5>\n<h5>(uusi asiakas voi k\u00e4ytt\u00e4\u00e4 tarjouksen kerran)<\/h5>\n<h5><\/h5>\n<h5><\/h5>\n<h5>30 min \/ vko \u00a0 \u00a0 78 \u20ac<\/h5>\n<h5>45 min \/ vko \u00a0 \u00a0 98 \u20ac<\/h5>\n<h5>60 min \/ vko \u00a0 \u00a0 134 \u20ac<\/h5>\n<h5>90 min \/ vko\u00a0 \u00a0162 \u20ac<\/h5>\n<h5>2 tuntia \/ vko \u00a0 \u00a0210 \u20ac<\/h5>\n<h5>3 tuntia \/ vko \u00a0 \u00a0280 \u20ac<\/h5>\n<h5>4 tuntia \/ vko \u00a0 312 \u20ac<\/h5>\n<h5>5 tuntia \/ vko \u00a0 \u00a0336 \u20ac<\/h5>\n<h5>6 tuntia \/ vko \u00a0 352 \u20ac<\/h5>\n<h5>Rajaton \/ vko \u00a0 380 \u20ac<\/h5>\n<p>&nbsp;<\/p>\n<p><strong>Vauva-aikuinen ja Taapero-aikuinen -musiikkiliikunta \u00a0 120 \u20ac \/ kurssi, 12 kertaa (hinta yhteens\u00e4 lapsi &amp; aikuinen). Poissaolot voi korvata haluamallaan A.M. Dancen viikkotunnilla.<\/strong><\/p>\n<p>&nbsp;<\/p>\n<p>&nbsp;<\/p>\n<p><strong>Twerk tekniikka tai Twerk koreo kurssihinta 45 \u20ac<\/strong><br \/>\n<strong>Twerk tekniikka &amp; Twerk koreo 8 h yhteishintaan 84 \u20ac<\/strong><\/p>\n<p>&nbsp;<\/p>\n<p><strong> Yksil\u00f6valmennus 240 \u20ac \/ 3 x 60 min <\/strong><\/p>\n<p><strong>Yksil\u00f6valmennus 375 \u20ac \/ 5 x 60 min<\/strong><\/p>\n<p><strong>Duo valmennus \u00a0200 \u20ac \/ 5 x 60 min per tanssija<\/strong><\/p>\n<p>&nbsp;<\/p>\n<p>&nbsp;<\/p>\n<p>&nbsp;<\/p>\n<p><strong>Yhdistelm\u00e4hinnat<\/strong><\/p>\n<h5>45 min + 45 min \/ vko \u00a0 \u00a0190 \u20ac<\/h5>\n<h5>60 min + 45 min \/ vko \u00a0 \u00a0198 \u20ac<\/h5>\n<h5>45 min + 45 min + 45 min \/ vko \u00a0 250 \u20ac<\/h5>\n<h5>60 min + 45 min + 45 min \/ vko \u00a0 270 \u20ac<\/h5>\n<h5>60 min + 60 min + 45 min \/ vko 275 \u20ac<\/h5>\n<h5>45 min + 45 min + 45 min + 60 min \/ 290 \u20ac<\/h5>\n<h5>45 min + 45 min + 60 min + 60 min \/ 295 \u20ac<\/h5>\n<h5>45 min + 60 min + 60 min + 60 min \/ 298 \u20ac<\/h5>\n<p>&nbsp;<\/p>\n<p>Vakuutus ei sis\u00e4lly kausimaksuun.<\/p>\n<p>&nbsp;<\/p>\n<p>Oppilas saa kurssimaksusta laskun tanssikoulun vastaanotosta. \u00a0Jos tulet tunnille kertamaksulla niin varaathan mukaan k\u00e4teist\u00e4.<\/p>\n<p>Kausimaksut ovat voimassa aina yhden kauden kev\u00e4t, kes\u00e4 tai syksy.<\/p>\n<p>Sisaralennus perheen kolmannesta lapsesta, alennus -10% halvimmasta\u00a0kausimaksusta.<\/p>\n<p>&nbsp;<\/p>\n<h5>Tanssikoulun salivuokraus<\/h5>\n<h5>Studio 1 \u00a0 26 e \/ h + alv.<\/h5>\n<h5>Studio 2 \u00a0 20 e \/ h + alv.<\/h5>\n<p>[\/vc_column_text][vc_separator type=&#8221;transparent&#8221; thickness=&#8221;1&#8243; up=&#8221;33&#8243; down=&#8221;0&#8243;][vc_separator type=&#8221;transparent&#8221; thickness=&#8221;1&#8243; up=&#8221;33&#8243; down=&#8221;0&#8243;][vc_separator][vc_column_text]<\/p>\n<h4>Horton alkeet \u00a0&amp; Horton jatko HUOM! LIVE-musa 30 \u20ac \/ tanssija (koko kausi).<\/h4>\n<p>[\/vc_column_text][vc_empty_space height=&#8221;5px&#8221;][vc_column_text]<\/p>\n<h4><\/h4>\n<p>[\/vc_column_text][vc_separator][\/vc_column][\/vc_row][vc_row type=&#8221;grid&#8221; background_color=&#8221;#f5f5f5&#8243; padding_top=&#8221;80&#8243; padding_bottom=&#8221;115&#8243;][vc_column][vc_separator type=&#8221;transparent&#8221; thickness=&#8221;1&#8243; up=&#8221;14&#8243; down=&#8221;0&#8243;][vc_column_text]<\/p>\n<h2><\/h2>\n<p>[\/vc_column_text][vc_separator type=&#8221;transparent&#8221; thickness=&#8221;1&#8243; up=&#8221;33&#8243; down=&#8221;0&#8243;][vc_column_text][\/vc_column_text][\/vc_column][\/vc_row][vc_row type=&#8221;grid&#8221; background_color=&#8221;#a3779c&#8221; padding_top=&#8221;80&#8243; padding_bottom=&#8221;115&#8243;][vc_column][vc_separator type=&#8221;transparent&#8221; thickness=&#8221;1&#8243; up=&#8221;14&#8243; down=&#8221;0&#8243;][vc_column_text]<\/p>\n<h6><strong>Hintoihin ei sis\u00e4lly tanssijoiden vakuutus. Oppilailla tulee olla oma vapaa-ajan vakuutus.<\/strong><\/h6>\n<h6>\u00a0Tanssija on velvollinen maksamaan kausimaksun ilmoittautuneeseen ryhm\u00e4\u00e4ns\u00e4, jollei peruutusta ole ilmoitettu 4.9. menness\u00e4. \u00a0Tanssitunneille voi tulla vain ilmoittautuneet tai kertamaksulla 12 \u20ac jos tilaa on. Kertamaksu hyvitet\u00e4\u00e4n tarvittaessa kausimaksussa.<\/h6>\n<h6><b>Koreografioiden kopionti, videokuvaus ja kuvien ottaminen tunnilla on ehdottomasti kielletty ilman opettajan lupaa! <\/b><\/h6>\n<h6><b>Tanssikoululla on oikeus aikataulumuutoksiin. Kurssilla oltava v\u00e4hintaan 8 ilmoittautunutta, jotta kurssi alkaa.<\/b><\/h6>\n<p>[\/vc_column_text][\/vc_column][\/vc_row]<\/p>\n","protected":false},"excerpt":{"rendered":"<p>[vc_row type=&#8221;grid&#8221; padding_top=&#8221;80&#8243; padding_bottom=&#8221;115&#8243;][vc_column][vc_separator type=&#8221;transparent&#8221; thickness=&#8221;1&#8243; up=&#8221;14&#8243; down=&#8221;0&#8243;][vc_column_text] Kes\u00e4kauden hinnasto [\/vc_column_text][vc_column_text] KEV\u00c4T- ja SYYSKAUDEN HINNASTO Kertamaksu 8 \u20ac\/30min,\u00a010 \u20ac\/45min, 12 \u20ac\/60-75min Kokeilukerta 5 \u20ac (uusi asiakas voi k\u00e4ytt\u00e4\u00e4 tarjouksen kerran) 30 min \/ vko \u00a0 \u00a0 78 \u20ac 45 min \/ vko \u00a0 \u00a0 98&#8230;<\/p>\n","protected":false},"author":1,"featured_media":0,"parent":0,"menu_order":0,"comment_status":"open","ping_status":"open","template":"full_width.php","meta":[],"_links":{"self":[{"href":"https:\/\/annikamutila.com\/amds\/index.php?rest_route=\/wp\/v2\/pages\/21274"}],"collection":[{"href":"https:\/\/annikamutila.com\/amds\/index.php?rest_route=\/wp\/v2\/pages"}],"about":[{"href":"https:\/\/annikamutila.com\/amds\/index.php?rest_route=\/wp\/v2\/types\/page"}],"author":[{"embeddable":true,"href":"https:\/\/annikamutila.com\/amds\/index.php?rest_route=\/wp\/v2\/users\/1"}],"replies":[{"embeddable":true,"href":"https:\/\/annikamutila.com\/amds\/index.php?rest_route=%2Fwp%2Fv2%2Fcomments&post=21274"}],"version-history":[{"count":30,"href":"https:\/\/annikamutila.com\/amds\/index.php?rest_route=\/wp\/v2\/pages\/21274\/revisions"}],"predecessor-version":[{"id":22284,"href":"https:\/\/annikamutila.com\/amds\/index.php?rest_route=\/wp\/v2\/pages\/21274\/revisions\/22284"}],"wp:attachment":[{"href":"https:\/\/annikamutila.com\/amds\/index.php?rest_route=%2Fwp%2Fv2%2Fmedia&parent=21274"}],"curies":[{"name":"wp","href":"https:\/\/api.w.org\/{rel}","templated":true}]}}