{"id":21228,"date":"2016-07-01T03:15:00","date_gmt":"2016-07-01T03:15:00","guid":{"rendered":"http:\/\/annikamutila.com\/amds\/?page_id=21228"},"modified":"2021-07-11T11:03:16","modified_gmt":"2021-07-11T11:03:16","slug":"opettajat","status":"publish","type":"page","link":"https:\/\/annikamutila.com\/amds\/?page_id=21228","title":{"rendered":"Opettajat"},"content":{"rendered":"<p>[vc_row full_width=&#8221;stretch_row&#8221; content_placement=&#8221;middle&#8221;][vc_column width=&#8221;1\/2&#8243;][vc_single_image image=&#8221;21720&#8243; img_size=&#8221;full&#8221; alignment=&#8221;center&#8221;][\/vc_column][vc_column width=&#8221;1\/2&#8243; css=&#8221;.vc_custom_1467576776249{padding-top: 50px !important;padding-right: 50px !important;padding-left: 50px !important;}&#8221;]<div class=\"custom_font_holder\" style=\"font-family: Raleway; font-size: 56px; line-height: 60px; letter-spacing: 4px; text-align: left;\"><span><\/p>\n<h5>Annika Mutila<\/h5>\n<p><\/span><\/div>[vc_separator type=&#8221;transparent&#8221;]<div class=\"custom_font_holder\" style=\"font-family: Raleway; font-size: 16px; font-weight: 400; text-align: left;\"><span>Paimiosta l\u00e4ht\u00f6isin oleva Annika on A.M. Dancen perustaja ja ideapankki. Annika on valmistunut Oulun tanssinopettajakoulutuksesta (OAMK) p\u00e4\u00e4aineena showtanssi vuonna 2009. Valmistumisen j\u00e4lkeen h\u00e4n muutti New Yorkiin opiskelemaan tanssia (p\u00e4\u00e4aineena nykytanssi, jazztanssi, pilates), jonka j\u00e4lkeen h\u00e4n on k\u00e4ynyt s\u00e4\u00e4nn\u00f6llisesti maailman huippuopettajien opeissa New Yorkissa, Lontoossa sek\u00e4 Los Angelesissa. Lis\u00e4ksi h\u00e4n on suorittanut New Yorkissa Horton-tekniikan ohjaajatutkinnon Alvin Ailey schoolissa (2014), Pilates-ohjaajatutkinnon (opettajina mm. Teri Steele), Limon-tekniikan opettajantutkinnon NY Universitylla (2017), Klein-opinnot Movement Researchilla (2018). Syksyll\u00e4 2013 Annika opiskeli Lontoossa maisteritason tanssiopintoja (Body in Performance). Korkeakouluopintojen lis\u00e4ksi ty\u00f6kokemusta on karttunut jo 20 vuoden ajan tanssinopetuskent\u00e4ll\u00e4 sek\u00e4 tanssikurssien parissa ett\u00e4 kisavalmennuksen puolella. Annikan opetusmottona on tanssista nauttiminen unohtamatta hikipisaroita ja teknist\u00e4 vaativuutta. Opetusty\u00f6n lis\u00e4ksi h\u00e4nen ty\u00f6kuvaansa kuuluu tanssijanty\u00f6t (teatteri, tanssiryhm\u00e4t), tuomarointiteht\u00e4v\u00e4t ja kilpailu-ura (mm. showmuodostelma MM-hopea v. 2009). Annika Mutila on my\u00f6s palkittu koreografisista ansioista v. 2013 Tanssin Gaalassa sek\u00e4 v. 2015 (finnish dance organization) \u201dinnovatiivinen, persoonallinen liikekieli, luo hyvin rakennettuja ja harjoitettuja kokonaisuuksia\u201d. Annikan kilparyhm\u00e4t ovat voittaneet lukuisia tanssikilpailuja niin kotimaassa kuin ulkomaillakin (mm. MM-kultaa tanssimuodostelmalla 2015).<\/span><\/div>[\/vc_column][\/vc_row][vc_row css_animation=&#8221;element_from_fade&#8221; css=&#8221;.vc_custom_1467577378530{padding-top: 75px !important;padding-right: 10% !important;padding-bottom: 50px !important;padding-left: 10% !important;}&#8221;][vc_column]<div class=\"custom_font_holder\" style=\"font-family: Raleway; font-size: 16px; font-weight: 400; text-align: left;\"><span>\u2013 Annika Mutilan tanssikoulu, kes\u00e4st\u00e4 2006 \u2013 (Paimio)<\/p>\n<p>&nbsp;<\/p>\n<p>\u2013 Dance Studio Funk, v. 2010-<\/p>\n<p>&nbsp;<\/p>\n<p>\u2013 Kisaryhmien valmennus, v. 2006- (mm. muodostelmajoukkueen SM-kulta v.2013)<\/p>\n<p>&nbsp;<\/p>\n<p>\u2013 Kiiminkijoki opisto, v. 2009 -2010<\/p>\n<p>&nbsp;<\/p>\n<p>\u2013 Oulun naisvoimistelijat, v. 2006 -2009<\/p>\n<p>&nbsp;<\/p>\n<p>\u2013 Oulun yliopisto liikunta, v. 2006 \u2013 2007<\/p>\n<p>&nbsp;<\/p>\n<p>\u2013 Paimion\/Oulun Active valmennus, v. 2003-<\/p>\n<p>&nbsp;<\/p>\n<p>\u2013 Paimion Kansalaisopisto, v. 2003 \u2013 2005<\/p>\n<p>&nbsp;<\/p>\n<p>\u2013 Paimion kaupungin liikuntatoimi, v. 2003<\/p>\n<p>&nbsp;<\/p>\n<p>\u2013 Paimion naisvoimistelijat, v. 1999 \u2013 2002<\/span><\/div>[vc_tta_accordion style=&#8221;outline&#8221; shape=&#8221;square&#8221; color=&#8221;violet&#8221; c_icon=&#8221;chevron&#8221; active_section=&#8221;9&#8243; collapsible_all=&#8221;true&#8221;][vc_tta_section title=&#8221;Opetusty\u00f6 &#8221; tab_id=&#8221;1467577468283-f69adacd-9bc4&#8243;][vc_row_inner][vc_column_inner width=&#8221;1\/2&#8243; css=&#8221;.vc_custom_1467578823788{padding-top: 10px !important;padding-bottom: 10px !important;}&#8221;][vc_single_image image=&#8221;21725&#8243; img_size=&#8221;full&#8221; style=&#8221;vc_box_outline&#8221;][\/vc_column_inner][vc_column_inner width=&#8221;1\/2&#8243; css=&#8221;.vc_custom_1467578705123{padding-top: 10px !important;padding-bottom: 10px !important;}&#8221;][\/vc_column_inner][\/vc_row_inner][\/vc_tta_section][vc_tta_section title=&#8221;Opinnot&#8221; tab_id=&#8221;1467578017362-2f0752f9-499a&#8221;][vc_row_inner][vc_column_inner width=&#8221;1\/2&#8243; css=&#8221;.vc_custom_1467578885570{padding-top: 10px !important;padding-bottom: 10px !important;}&#8221;][vc_single_image image=&#8221;21727&#8243; img_size=&#8221;full&#8221; style=&#8221;vc_box_outline&#8221;][\/vc_column_inner][vc_column_inner width=&#8221;1\/2&#8243; css=&#8221;.vc_custom_1467578763675{padding-top: 10px !important;padding-bottom: 10px !important;}&#8221;]<div class=\"custom_font_holder\" style=\"font-family: Raleway; font-size: 16px; font-weight: 400; text-align: left;\"><span>\u2013 \u00a0Lukemattomat treenitunnit vuosittain Annikan toisessa kotikaupungissa New Yorkissa (Alvin Ailey, Gibney Dance, Steps on Broadway, Peridance, Broadway Dance Center, Mark Morris Dance center)<\/p>\n<p>&nbsp;<\/p>\n<p>\u2013 Horton-tekniikan opettajatutkinto Alvin Ailey\/New York, \u00a02014<\/p>\n<p>&nbsp;<\/p>\n<p>\u2013 Alexander-tekniikan yksityistunnit C. Maxwell\/New York, 2015<\/p>\n<p>&nbsp;<\/p>\n<p>\u2013 Tanssiopinnot Dance New Amsterdam\/New York, Elokuu 2010 \u2013 Helmikuu 2011<\/p>\n<p>&nbsp;<\/p>\n<p>\u2013 Maisteritason luennot: Body in performance (Laban, Lontoo) syksy 2013<\/p>\n<p>&nbsp;<\/p>\n<p>\u2013 Tanssinopettaja (OAMK) p\u00e4\u00e4aineena showtanssi, valmistumisvuosi 2009<\/p>\n<p>&nbsp;<\/p>\n<p>\u2013 Pilates ohjaaja, DNA New York, valmistumisvuosi 2011<\/p>\n<p>&nbsp;<\/p>\n<p>\u2013 Tanssiopinnot ulkomaisissa tanssikouluissa mm. Alvin Ailey Dance School (New York), The Edge (Los Angeles), Alonzo King Lines ( San Francisco), The Place (Lontoo), Peridance (New York), Steps on Broadway (New York), Broadway Dance Center (New York), Pineapple Dance Studio (Lontoo), Kledi Dance (Rooma)<\/p>\n<p>\u2013 Ylioppilas kev\u00e4\u00e4ll\u00e4 2005<\/p>\n<p>&nbsp;<\/p>\n<p>\u2013 Tanssiopinnot lukuisissa yksityisiss\u00e4 Turun tanssikouluissa ja seuroissa vuosina 1997-2005<\/p>\n<p>&nbsp;<\/p>\n<p>\u2013 Lyhytkursseja eri tanssilajeista, tanssinohjauksesta sek\u00e4 tuomaroinnista mm. Body Sculpting (Lontoo) v. 2013, History of body v. 2013 (Lontoo), Horton-tekniikka (New York) v. 2012, Klein-tekniikka v. 2008, Showtanssin SM-kisojen tuomarikoulutus kev\u00e4\u00e4ll\u00e4 2009<\/span><\/div>[\/vc_column_inner][\/vc_row_inner][\/vc_tta_section][vc_tta_section title=&#8221;Tanssijanty\u00f6 ja kilpailusaavutuksia&#8221; tab_id=&#8221;1467579029266-f518b051-5637&#8243;][vc_row_inner][vc_column_inner width=&#8221;1\/2&#8243; css=&#8221;.vc_custom_1467578885570{padding-top: 10px !important;padding-bottom: 10px !important;}&#8221;][vc_single_image image=&#8221;21723&#8243; img_size=&#8221;full&#8221; style=&#8221;vc_box_outline&#8221;][\/vc_column_inner][vc_column_inner width=&#8221;1\/2&#8243; css=&#8221;.vc_custom_1467578763675{padding-top: 10px !important;padding-bottom: 10px !important;}&#8221;]<div class=\"custom_font_holder\" style=\"font-family: Raleway; font-size: 16px; font-weight: 400; text-align: left;\"><span>&#8211; Tanssijana the Voice of Finland tuotannossa kausilla 6, 7 ja 8.<\/p>\n<p>&nbsp;<\/p>\n<p>\u2013 Interface\/Innerface, kor. Akiko Tomikova (Japan), v. 2012 (New York)<\/p>\n<p>&nbsp;<\/p>\n<p>\u2013 Visa group, kor. Makiko Tamura and Ryoji Sasamoto (Japan), v. 2012 (New York)<\/p>\n<p>&nbsp;<\/p>\n<p>\u2013 Let it fly, kor. St\u00e9phanie Landouer (France), v. 2011 (New York)<\/p>\n<p>&nbsp;<\/p>\n<p>\u2013 West Side Story, v. 2009 (Oulun kaupungin teatteri)<\/p>\n<p>&nbsp;<\/p>\n<p>\u2013 Carmina Burana, v. 2007 (Oulun musiikkijuhlat, yhteisty\u00f6ss\u00e4 Oulun sinfonia)<\/p>\n<p>&nbsp;<\/p>\n<p>\u2013 Jokisimpukan laulu, v. 2003 (Runoviikot, Varsinais-Suomi)<\/p>\n<p>&nbsp;<\/p>\n<p>\u2013 Nykytanssi pienryhm\u00e4 MM 5. sija, v. 2010 (Breaking point)<\/p>\n<p>&nbsp;<\/p>\n<p>\u2013 Showtanssi pienryhm\u00e4 SM-kulta, v. 2010 (K\u00e4\u00e4nnekohta)<\/p>\n<p>&nbsp;<\/p>\n<p>\u2013 Nykytanssimuodostelma MM-hopeaa, v. 2009 (Peli)<\/p>\n<p>&nbsp;<\/p>\n<p>\u2013 Performing arts muodostelma SM-hopeaa, v. 2009<\/p>\n<p>&nbsp;<\/p>\n<p>\u2013 Discotanssimuodostelma SM-hopeaa, v. 2009<\/p>\n<p>&nbsp;<\/p>\n<p>\u2013 Showtanssi pienryhm\u00e4 SM-hopeaa, v. 2008 (Work, fight, love, mate), Edustus showtanssin MM-kisoissa syksyll\u00e4 2008<\/p>\n<p>&nbsp;<\/p>\n<p>\u2013 Showtanssimuodostelma SM-hopeaa, v. 2008 (Escapist)<\/span><\/div>[\/vc_column_inner][\/vc_row_inner][\/vc_tta_section][vc_tta_section title=&#8221;Koreografity\u00f6 ja kilpailusaavutuksia&#8221; tab_id=&#8221;1467579134307-9593a158-bbb5&#8243;][vc_row_inner][vc_column_inner width=&#8221;1\/2&#8243; css=&#8221;.vc_custom_1467578885570{padding-top: 10px !important;padding-bottom: 10px !important;}&#8221;][vc_single_image image=&#8221;21726&#8243; img_size=&#8221;full&#8221; style=&#8221;vc_box_outline&#8221;][\/vc_column_inner][vc_column_inner width=&#8221;1\/2&#8243; css=&#8221;.vc_custom_1467578763675{padding-top: 10px !important;padding-bottom: 10px !important;}&#8221;]<div class=\"custom_font_holder\" style=\"font-family: Raleway; font-size: 16px; font-weight: 400; text-align: left;\"><span>&#8211; Tanssiteos Peliaika, v. 2019. Teos sai kulttuuriavustuksen Paimion kaupungilta.<\/p>\n<p>&nbsp;<\/p>\n<p>&#8211; Tanssiteos Aika valossa, v. 2017. Alvar Aallon suunnittelemaan Paimion parantolaan tehty tanssiteos. Teoksen uusinta n\u00e4yt\u00f6skausi v. 2019.<\/p>\n<p>&nbsp;<\/p>\n<p>\u2013 FDO (Suomen tanssiorganisaatio) palkitsema koreografi v. 2013 sek\u00e4 v. 2015 menestyksekk\u00e4\u00e4st\u00e4 koreografinty\u00f6st\u00e4<\/p>\n<p>&nbsp;<\/p>\n<p>\u2013 MM-kultaa v. 2015 Modern Formation aikuiset2 muodostelmalla: Karilla kyl\u00e4ss\u00e4 (Paimion ShowMamat)<\/p>\n<p>&nbsp;<\/p>\n<p>\u2013 Kultajoukkue v. 2015 Performing Arts SM-kilpailuiden aikuiset2 muodostelmasarjassa: Karilla kyl\u00e4ss\u00e4 (Paimion ShowMamat)<\/p>\n<p>&nbsp;<\/p>\n<p>\u2013 Hopejoukkue v. 2015 Performing Arts Sm-kilpailuiden Production-sarjassa: Alone in the metropolis (Annika Mutila Dance School Production team). Kisajoukkueessa 90 tanssikoulumme tanssijaa!!<\/p>\n<p>&nbsp;<\/p>\n<p>\u2013 Kultajoukkue v. 2013 Performing Arts SM-kilpailuiden aikuiset2 muodostelmasarjassa: Viimeinen er\u00e4p\u00e4iv\u00e4 (Paimion ShowMamat)<\/p>\n<p>&nbsp;<\/p>\n<p>\u2013 Pronssipienryhm\u00e4 v. 2013 Performing Arts SM-kilpailuiden aikusiten sarjassa: Next Stop (Funky Rush Hour)<\/p>\n<p>&nbsp;<\/p>\n<p>\u2013 Nykytanssiteos Mittumaari NummiLove, v. 2012 (Paimio), kulttuuriapuraha (12 tanssijaa)<\/p>\n<p>&nbsp;<\/p>\n<p>\u2013 Nykytanssiteos Ketju, v. 2011 (Paimio), kulttuuriapuraha (11 tanssijaa)<\/p>\n<p>&nbsp;<\/p>\n<p>\u2013 Muita kisakoreografioita: Muodostelma aikuiset 2 SM 4. sija v. 2012, Muodostelma aikuiset 2 SM-pronssia v. 2010(ShowValiot, Kokonainen) sek\u00e4 SM 4. sija v. 2010(ShowMamat, Lento AM21530), Nykytanssi pienryhm\u00e4 SM 5. sija v. 2010 (Oulun Active)<\/p>\n<p>&nbsp;<\/p>\n<p>\u2013 Lukuisat Turun alueen tanssikilpailujen kunniamaininnat ja voitot (mm. Nuori kulttuuri, Show your dance by Gailap)<\/p>\n<p>&nbsp;<\/p>\n<p>\u2013 Suomen suloinen suvi -tanssin\u00e4yt\u00f6s, v.2015 (Paimio)<\/p>\n<p>&nbsp;<\/p>\n<p>\u2013 New York, New York -tanssin\u00e4yt\u00f6s, v. 2014 (Paimio)<\/p>\n<p>&nbsp;<\/p>\n<p>\u2013 American Diner -tanssin\u00e4yt\u00f6s, v. 2014 (Paimio)<\/p>\n<p>&nbsp;<\/p>\n<p>\u2013 Sporttiset -tanssin\u00e4yt\u00f6s, v. 2013 (Paimio)<\/p>\n<p>&nbsp;<\/p>\n<p>\u2013 Farmi -tanssin\u00e4yt\u00f6s, v. 2012 (Paimio)<\/p>\n<p>&nbsp;<\/p>\n<p>\u2013 Talvitouhuja -tanssin\u00e4yt\u00f6s, v. 2011 (Paimio)<\/p>\n<p>&nbsp;<\/p>\n<p>\u2013 Satukirja -tanssin\u00e4yt\u00f6s, v. 2011 (Paimio)<\/p>\n<p>&nbsp;<\/p>\n<p>\u2013 Viidakkoon! -tanssin\u00e4yt\u00f6s, v. 2010 (Paimio)<\/p>\n<p>&nbsp;<\/p>\n<p>\u2013 Viva Vista 2010 muotin\u00e4yt\u00f6skoreografiointi (sek\u00e4 juonto)<\/p>\n<p>&nbsp;<\/p>\n<p>\u2013 Merituuli- tanssin\u00e4yt\u00f6s, v. 2009 (Paimio)<\/p>\n<p>&nbsp;<\/p>\n<p>\u2013 Matka- tanssin\u00e4yt\u00f6s, v. 2008 (Paimio)<\/p>\n<p>&nbsp;<\/p>\n<p>\u2013 Unikuva- tanssin\u00e4yt\u00f6s, v. 2007 (Paimio)<\/p>\n<p>&nbsp;<\/p>\n<p>\u2013 Annikan kes\u00e4kurssien loppun\u00e4yt\u00f6s, v. 2006 (Paimio)<\/p>\n<p>&nbsp;<\/p>\n<p>\u2013 Annikan showtanssikurssien yhteisn\u00e4yt\u00f6s, v. 2005 (Paimio)<\/p>\n<p>&nbsp;<\/p>\n<p>\u2013 Valtakunnallisen Power Mover -koulutanssin suunnittelu peruskouluille, v. 2003.<\/span><\/div>[\/vc_column_inner][\/vc_row_inner][\/vc_tta_section][\/vc_tta_accordion][vc_separator type=&#8221;transparent&#8221;][\/vc_column][\/vc_row][vc_row full_width=&#8221;stretch_row_content_no_spaces&#8221; content_placement=&#8221;middle&#8221;][vc_column width=&#8221;1\/2&#8243; css=&#8221;.vc_custom_1468079456359{padding: 50px !important;}&#8221;][vc_separator type=&#8221;transparent&#8221;][\/vc_column][vc_column width=&#8221;1\/2&#8243; css=&#8221;.vc_custom_1467569432075{padding: 50px !important;}&#8221;]<div class=\"custom_font_holder\" style=\"font-family: Raleway; font-size: 16px; font-weight: 400; text-align: left;\"><span><\/span><\/div>[vc_separator type=&#8221;transparent&#8221;][\/vc_column][\/vc_row][vc_row][vc_column width=&#8221;1\/2&#8243; css=&#8221;.vc_custom_1468079596335{padding: 50px !important;}&#8221;]<div class=\"custom_font_holder\" style=\"font-family: Raleway; font-size: 56px; line-height: 60px; letter-spacing: 4px; text-align: left;\"><span><\/p>\n<h5>Meri Niemi<\/h5>\n<p><\/span><\/div>[vc_separator type=&#8221;transparent&#8221;]<div class=\"custom_font_holder\" style=\"font-family: Raleway; font-size: 16px; font-weight: 400; text-align: left;\"><span>Meri \u201dtwerk-guru\u201d Niemi on kotoisin Loimaalta ja h\u00e4n on tanssinut monipuolisesti eri tanssilajeja. Meri on ty\u00f6skennellyt tanssijana kansainv\u00e4lisill\u00e4 koripalloliigan kentill\u00e4 sek\u00e4 kilpaillut Twerkin SM-kilpailuissa. Merin tanssitunneilla nauru raikaa ja jokainen saa tulla tunnille juuri omana itsen\u00e4\u00e4n. H\u00e4nen tunneilla on aina ihan kannustava ja rento meininki!<\/span><\/div>[\/vc_column][vc_column width=&#8221;1\/2&#8243; css=&#8221;.vc_custom_1467569432075{padding: 50px !important;}&#8221;]<div class=\"custom_font_holder\" style=\"font-family: Raleway; font-size: 56px; line-height: 60px; letter-spacing: 4px; text-align: left;\"><span><\/p>\n<h5>Silja Saarinen<\/h5>\n<p><\/span><\/div><div class=\"custom_font_holder\" style=\"font-family: Raleway; font-size: 16px; font-weight: 400; text-align: left;\"><span><\/p>\n<p>&nbsp;<\/p>\n<p>Silja on Lappeenrantalainen tanssinopettaja, joka muuttanut Turkuun tanssinopettajaopintojen per\u00e4ss\u00e4. Silja on valittu Suomen Kansallisoopperan kolmen vuoden erikoiskoulutukseen ja h\u00e4n on opiskellut tanssia useilla eri ulkomaan leireille (mm. Vaganova). Silja on kilpaillut SM- ja MM-kisoissa (Performing Arts) sek\u00e4 valtakunnallisissa balettikilpailuissa. H\u00e4n on my\u00f6s ty\u00f6skennellyt tanssijana mm. Suomen Kansallisoooperassa sek\u00e4 Reija W\u00e4reen koreografioissa. Siljan tanssitunneilla keskityt\u00e4\u00e4n perustekniikkaan ja puhtaaseen kehon linjaukseen, vahvistetaan lihaksia sek\u00e4 keskityt\u00e4\u00e4n eri liikelaatuihin.<\/span><\/div>[vc_separator type=&#8221;transparent&#8221;][\/vc_column][\/vc_row][vc_row][vc_column width=&#8221;1\/2&#8243; css=&#8221;.vc_custom_1468079578943{padding: 50px !important;}&#8221;]<div class=\"custom_font_holder\" style=\"font-family: Raleway; font-size: 56px; line-height: 60px; letter-spacing: 4px; text-align: left;\"><span><\/p>\n<h5><\/h5>\n<p>&nbsp;<\/p>\n<h5>Senni Lehtonen<\/h5>\n<p><\/span><\/div>[vc_column_text]<\/p>\n<p>&nbsp;<\/p>\n<p>Tulossa<\/p>\n<p>&nbsp;<\/p>\n<p>[\/vc_column_text][vc_separator type=&#8221;transparent&#8221;]<div class=\"custom_font_holder\" style=\"font-family: Raleway; font-size: 56px; line-height: 60px; letter-spacing: 4px; text-align: left;\"><span><\/p>\n<h5>Erath Chairaksa<\/h5>\n<p>&nbsp;<\/p>\n<p>&nbsp;<\/p>\n<p><\/span><\/div><div class=\"custom_font_holder\" style=\"font-family: Raleway; font-size: 16px; font-weight: 400; text-align: left;\"><span><\/p>\n<p>&nbsp;<\/p>\n<p>Erath on turkulainen Street-tanssija, joka on tunnettu niin koreografioistaan kuin kisamenestyksest\u00e4\u00e4n. Erath on voittanut mm. hopeaa Freestyle Street SM-kisoissa ja h\u00e4nen koreografioitaan on voinut n\u00e4hd\u00e4 niin Logomossa kuin Turun kaupungin teatterissakin. Erathin tyyliss\u00e4 keskityt\u00e4\u00e4n yksityiskohtiin ja tarkkaan kehonhallintaan. Tanssinopettajana h\u00e4n on hauska, iloinen ja kannustava.<\/span><\/div>[\/vc_column][vc_column width=&#8221;1\/2&#8243; css=&#8221;.vc_custom_1467569432075{padding: 50px !important;}&#8221;]<div class=\"custom_font_holder\" style=\"font-family: Raleway; font-size: 56px; line-height: 60px; letter-spacing: 4px; text-align: left;\"><span><\/p>\n<h5>Lotta Ahlman (os. Himanen)<\/h5>\n<p><\/span><\/div><div class=\"custom_font_holder\" style=\"font-family: Raleway; font-size: 16px; font-weight: 400; text-align: left;\"><span><\/p>\n<p>&nbsp;<\/p>\n<p>Lotta on Turusta l\u00e4ht\u00f6isin oleva kokenut lasten, nuorten ja aikuisten ohjaaja. H\u00e4nell\u00e4 on opettanut tanssia jo yli 20 vuoden ajan eri voimisteluseuroissa ja tanssikouluissa. Koulutukseltaan Lotta on l\u00e4hihoitaja ja ty\u00f6skentelee lasten sek\u00e4 nuorten parissa. Lotta on kilpaillut useissa kotimaisissa ja kansainv\u00e4lisiss\u00e4 tanssikisoissa saavutuksina MM-kulta ja MM-pronssi mitalit sek\u00e4 useat SM-mitalit. Lotta tunnetaan Paimiossa iloisena s\u00e4dehtiv\u00e4n\u00e4 opettajana.<\/p>\n<p>&nbsp;<\/p>\n<p>&nbsp;<\/p>\n<p><\/span><\/div>[vc_separator type=&#8221;transparent&#8221;][\/vc_column][\/vc_row][vc_row][vc_column width=&#8221;1\/2&#8243; css=&#8221;.vc_custom_1468079632703{padding: 50px !important;}&#8221;]<div class=\"custom_font_holder\" style=\"font-family: Raleway; font-size: 56px; line-height: 60px; letter-spacing: 4px; text-align: left;\"><span><\/p>\n<h5>Viktoria Radin<\/h5>\n<p><\/span><\/div>[vc_separator type=&#8221;transparent&#8221;]<div class=\"custom_font_holder\" style=\"font-family: Raleway; font-size: 16px; font-weight: 400; text-align: left;\"><span><\/p>\n<p>&nbsp;<\/p>\n<p>&nbsp;<\/p>\n<p>Viktoria on toiminut opettajana Turun alueella vuodesta 2016 l\u00e4htien ja kokemusta on kertynyt niin lasten, nuorten kuin aikuistenkin ohjaamisesta. Vuosina 2018 ja 2019 h\u00e4n on opettanut tanssia 8-17 vuotiaille USA:ssa, jossa vastasi Camp Wawenock -leirin tanssitunneista sek\u00e4 muiden tanssinopettajien kouluttamisesta.<br \/>\nViktoria valmentaa sek\u00e4 toimii kilpailukoreografina niin SM-, EM-, kuin MM-tason tanssijoille.<br \/>\nTanssijana Viktoria on saavuttanut SM-mitaleja, edustanut Suomea MM-kisoissa sek\u00e4 esiintyy aktiivisesti kotimaassa. H\u00e4nen vahvuutensa ovat jazz-, street-, lyrical-, ja nykytanssissa joita h\u00e4n treenaa jatkuvasti Suomessa sek\u00e4 ulkomailla. Tunneilla Viktoria painottaa musikaalisuutta, monipuolisuutta ja ilmaisua.<\/span><\/div>[\/vc_column][vc_column width=&#8221;1\/2&#8243; css=&#8221;.vc_custom_1467569432075{padding: 50px !important;}&#8221;]<div class=\"custom_font_holder\" style=\"font-family: Raleway; font-size: 56px; line-height: 60px; letter-spacing: 4px; text-align: left;\"><span><\/p>\n<h5><\/h5>\n<p>&nbsp;<\/p>\n<h5>Piia Helmivirta<\/h5>\n<p>&nbsp;<\/p>\n<p><\/span><\/div><div class=\"custom_font_holder\" style=\"font-family: Raleway; font-size: 16px; font-weight: 400; text-align: left;\"><span><\/p>\n<p>&nbsp;<\/p>\n<p>Piialla \u00a0on kokemusta tanssijana jo yli 20 vuoden ajan eri tanssiryhmiss\u00e4. Koulutukseltaan Piia on fysioterapeutti, mutta on tehnyt t\u00f6it\u00e4 my\u00f6s varhaiskasvatuksen parissa usean vuoden ajan. Tanssijana Piialla on saavutuksena mm. MM-kulta 2015, MM-pronssi 2016 ja kaksi SM-kultaa 2014 &amp; 2015 muodostelmatanssissa. Piia on pedantti, kannustava ja kokenut lasten ohjaaja.<\/p>\n<p>&nbsp;<\/p>\n<p>&nbsp;<\/p>\n<p><\/span><\/div><div class=\"custom_font_holder\" style=\"font-family: Raleway; font-size: 56px; line-height: 60px; letter-spacing: 4px; text-align: left;\"><span><\/p>\n<h5>Janina Ilkka<\/h5>\n<p><\/span><\/div><div class=\"custom_font_holder\" style=\"font-family: Raleway; font-size: 16px; font-weight: 400; text-align: left;\"><span><\/p>\n<p>&nbsp;<\/p>\n<p>Tulossa<\/p>\n<p>&nbsp;<\/p>\n<p>&nbsp;<\/p>\n<p><\/span><\/div><div class=\"custom_font_holder\" style=\"font-family: Raleway; font-size: 56px; line-height: 60px; letter-spacing: 4px; text-align: left;\"><span><\/p>\n<h5>Nea M\u00e4ntyl\u00e4<\/h5>\n<p><\/span><\/div><div class=\"custom_font_holder\" style=\"font-family: Raleway; font-size: 16px; font-weight: 400; text-align: left;\"><span><\/p>\n<p>&nbsp;<\/p>\n<p>Nea on huipputason tanssija, joka on voittanut mm. soololla Performing Arts SM-kultaa vuonna 2018. Nea on koreografioinut kisaohjelmia ja valmentanut kisaryhmi\u00e4 Turussa sek\u00e4 ohjaa tanssitunteja Studio Funkylla. Nea on soolouran lis\u00e4ksi kisannut pienryhm\u00e4ss\u00e4 ja voittanut Euroopan mestaruuden vuonna 2018. Nea on opettajana eritt\u00e4in motivoiva ja tukee tanssijoita l\u00f6yt\u00e4m\u00e4\u00e4n oman persoonallisen tyylins\u00e4 tanssijana.<\/p>\n<p>&nbsp;<\/p>\n<p>&nbsp;<\/p>\n<p>&nbsp;<\/p>\n<p><\/span><\/div><div class=\"custom_font_holder\" style=\"font-family: Raleway; font-size: 56px; line-height: 60px; letter-spacing: 4px; text-align: left;\"><span><\/p>\n<h5>Emma Pajunen<\/h5>\n<p><\/span><\/div><div class=\"custom_font_holder\" style=\"font-family: Raleway; font-size: 16px; font-weight: 400; text-align: left;\"><span><\/p>\n<p>&nbsp;<\/p>\n<p>Tulossa<\/span><\/div>[\/vc_column][\/vc_row]<\/p>\n","protected":false},"excerpt":{"rendered":"<p>[vc_row full_width=&#8221;stretch_row&#8221; content_placement=&#8221;middle&#8221;][vc_column width=&#8221;1\/2&#8243;][vc_single_image image=&#8221;21720&#8243; img_size=&#8221;full&#8221; alignment=&#8221;center&#8221;][\/vc_column][vc_column width=&#8221;1\/2&#8243; css=&#8221;.vc_custom_1467576776249{padding-top: 50px !important;padding-right: 50px !important;padding-left: 50px !important;}&#8221;][vc_separator type=&#8221;transparent&#8221;][\/vc_column][\/vc_row][vc_row css_animation=&#8221;element_from_fade&#8221; css=&#8221;.vc_custom_1467577378530{padding-top: 75px !important;padding-right: 10% !important;padding-bottom: 50px !important;padding-left: 10% !important;}&#8221;][vc_column][vc_tta_accordion style=&#8221;outline&#8221; shape=&#8221;square&#8221; color=&#8221;violet&#8221; c_icon=&#8221;chevron&#8221; active_section=&#8221;9&#8243; collapsible_all=&#8221;true&#8221;][vc_tta_section title=&#8221;Opetusty\u00f6 &#8221; tab_id=&#8221;1467577468283-f69adacd-9bc4&#8243;][vc_row_inner][vc_column_inner width=&#8221;1\/2&#8243; css=&#8221;.vc_custom_1467578823788{padding-top: 10px !important;padding-bottom: 10px !important;}&#8221;][vc_single_image image=&#8221;21725&#8243; img_size=&#8221;full&#8221; style=&#8221;vc_box_outline&#8221;][\/vc_column_inner][vc_column_inner width=&#8221;1\/2&#8243;&#8230;<\/p>\n","protected":false},"author":1,"featured_media":0,"parent":0,"menu_order":0,"comment_status":"open","ping_status":"open","template":"full_width.php","meta":[],"_links":{"self":[{"href":"https:\/\/annikamutila.com\/amds\/index.php?rest_route=\/wp\/v2\/pages\/21228"}],"collection":[{"href":"https:\/\/annikamutila.com\/amds\/index.php?rest_route=\/wp\/v2\/pages"}],"about":[{"href":"https:\/\/annikamutila.com\/amds\/index.php?rest_route=\/wp\/v2\/types\/page"}],"author":[{"embeddable":true,"href":"https:\/\/annikamutila.com\/amds\/index.php?rest_route=\/wp\/v2\/users\/1"}],"replies":[{"embeddable":true,"href":"https:\/\/annikamutila.com\/amds\/index.php?rest_route=%2Fwp%2Fv2%2Fcomments&post=21228"}],"version-history":[{"count":76,"href":"https:\/\/annikamutila.com\/amds\/index.php?rest_route=\/wp\/v2\/pages\/21228\/revisions"}],"predecessor-version":[{"id":22329,"href":"https:\/\/annikamutila.com\/amds\/index.php?rest_route=\/wp\/v2\/pages\/21228\/revisions\/22329"}],"wp:attachment":[{"href":"https:\/\/annikamutila.com\/amds\/index.php?rest_route=%2Fwp%2Fv2%2Fmedia&parent=21228"}],"curies":[{"name":"wp","href":"https:\/\/api.w.org\/{rel}","templated":true}]}}