{"id":19843,"date":"2014-06-13T11:03:41","date_gmt":"2014-06-13T11:03:41","guid":{"rendered":"http:\/\/demo.select-themes.com\/stockholm16\/?page_id=19843"},"modified":"2022-02-18T10:31:17","modified_gmt":"2022-02-18T10:31:17","slug":"home-default","status":"publish","type":"page","link":"https:\/\/annikamutila.com\/amds\/","title":{"rendered":"Home Default"},"content":{"rendered":"<p>[vc_row full_width=&#8221;stretch_row_content&#8221; row_type=&#8221;parallax&#8221; text_align=&#8221;center&#8221; background_image=&#8221;21956&#8243; section_height=&#8221;880&#8243;][vc_column css=&#8221;.vc_custom_1467180070052{background-position: center !important;background-repeat: no-repeat !important;background-size: cover !important;}&#8221;][vc_row_inner equal_height=&#8221;yes&#8221; content_placement=&#8221;middle&#8221; type=&#8221;grid&#8221; use_row_as_full_screen_section_slide=&#8221;yes&#8221; text_align=&#8221;center&#8221; css=&#8221;.vc_custom_1467298886161{margin-top: 0px !important;margin-bottom: 0px !important;}&#8221;][vc_column_inner css=&#8221;.vc_custom_1467299441687{padding-top: 25% !important;padding-bottom: 25% !important;}&#8221;]<div class=\"custom_font_holder\" style=\"font-family: Raleway; font-size: 56px; line-height: 60px; color: #ffffff; letter-spacing: 4px; text-align: center;\"><span>Tanssikoulu AM DANCE<\/span><\/div><div class=\"custom_font_holder\" style=\"font-family: Crete Round; font-size: 20px; line-height: 27px; font-style: italic; font-weight: 400; color: #ffffff; text-align: center;\"><span>Tanssikoulun sivut l\u00f6ytyy osoitteesta www.amdance.fi<\/span><\/div>[vc_separator type=&#8221;transparent&#8221;][vc_separator type=&#8221;transparent&#8221; thickness=&#8221;27&#8243;]<div class=\"custom_font_holder\" style=\"font-family: Raleway; font-size: 16px; line-height: 27px; font-weight: 400; color: #ffffff; text-align: center;\"><span><\/span><\/div>[vc_separator type=&#8221;transparent&#8221;]<div class=\"custom_font_holder\" style=\"font-family: Raleway; font-size: 16px; line-height: 27px; font-weight: 400; color: #ffffff; text-align: center;\"><span><\/span><\/div>[\/vc_column_inner][\/vc_row_inner][\/vc_column][\/vc_row][vc_row full_width=&#8221;stretch_row_content&#8221; row_type=&#8221;parallax&#8221; background_image=&#8221;21953&#8243; section_height=&#8221;880&#8243;][vc_column css=&#8221;.vc_custom_1467180070052{background-position: center !important;background-repeat: no-repeat !important;background-size: cover !important;}&#8221;][vc_row_inner equal_height=&#8221;yes&#8221; content_placement=&#8221;middle&#8221; type=&#8221;grid&#8221; use_row_as_full_screen_section_slide=&#8221;yes&#8221; css=&#8221;.vc_custom_1467588318740{margin-top: 0px !important;margin-bottom: 0px !important;}&#8221;][vc_column_inner css=&#8221;.vc_custom_1467299441687{padding-top: 25% !important;padding-bottom: 25% !important;}&#8221;]<div class=\"custom_font_holder\" style=\"font-family: Raleway; font-size: 56px; line-height: 60px; color: #0a0a0a; letter-spacing: 4px; text-align: left;\"><span>Tanssikoulun Aikataulu l\u00f6ytyy osoitteesta www.amdance.fi<\/span><\/div>[vc_separator type=&#8221;transparent&#8221;]<div class=\"custom_font_holder\" style=\"font-family: Raleway; font-size: 16px; line-height: 27px; font-weight: 400; color: #0a0a0a; text-align: left;\"><span><\/p>\n<p>AM Dancella kaikki yli 8-vuotiaat tanssijat voivat halutessaan osallistua mukaan tanssitunneille et\u00e4n\u00e4 videon v\u00e4lityksell\u00e4. Meill\u00e4 on k\u00e4yt\u00f6ss\u00e4 hybridiopetus, joten voit valita itsellesi sopivimman tavan osallistua tanssitunneille.<\/p>\n<p>Tarjoamme laajan tuntivalikoiman lapsille, nuorille ja aikuisille. Eri lajien lis\u00e4ksi tanssitunneista on mahdollisuus valita itselleen sopiva taso aina alkeista edistyneisiin.<\/span><\/div>[vc_separator type=&#8221;transparent&#8221; thickness=&#8221;27&#8243;]<a href=\"?page_id=21230\" target=\"_self\" data-hover-background-color=#e1e1e1 data-hover-border-color=#e1e1e1 data-hover-color=#393939 class=\"qbutton  medium\" style=\"color: #393939; border-color: #ffffff; background-color: #ffffff;\">AIKATAULU<\/a>[\/vc_column_inner][\/vc_row_inner][\/vc_column][\/vc_row][vc_row full_width=&#8221;stretch_row_content&#8221; row_type=&#8221;parallax&#8221; text_align=&#8221;right&#8221; background_image=&#8221;21668&#8243; section_height=&#8221;880&#8243;][vc_column css=&#8221;.vc_custom_1467180070052{background-position: center !important;background-repeat: no-repeat !important;background-size: cover !important;}&#8221;][vc_row_inner equal_height=&#8221;yes&#8221; content_placement=&#8221;middle&#8221; type=&#8221;grid&#8221; use_row_as_full_screen_section_slide=&#8221;yes&#8221; css=&#8221;.vc_custom_1467588318740{margin-top: 0px !important;margin-bottom: 0px !important;}&#8221;][vc_column_inner css=&#8221;.vc_custom_1467299441687{padding-top: 25% !important;padding-bottom: 25% !important;}&#8221;]<div class=\"custom_font_holder\" style=\"font-family: Crete Round; font-size: 24px; font-style: italic; font-weight: 400; color: #ffffff; text-align: right;\"><span><\/span><\/div>[vc_separator type=&#8221;transparent&#8221; thickness=&#8221;2&#8243;]<div class=\"custom_font_holder\" style=\"font-family: Raleway; font-size: 56px; line-height: 60px; color: #ffffff; letter-spacing: 4px; text-align: right;\"><span>Tanssitunnit<\/span><\/div>[vc_separator type=&#8221;transparent&#8221;]<div class=\"custom_font_holder\" style=\"font-family: Raleway; font-size: 16px; line-height: 27px; font-weight: 400; color: #ffffff; text-align: right;\"><span>A.M. Dance haluaa mahdollistaa monipuolisen tanssiharrastuksen niin lapsille, nuorille kuin aikuisille eri tanssilajeineen. Pienimpien tanssitunnit ovat 0-6-vuotiaille tanssin aluille. Alakouluik\u00e4isten tunnit on jaettu 7-10 -vuotiaisiin ja 9-12 -vuotiaisiin. Nuorille ja aikuisille on suuri valikoima eritasoisia tanssitreenej\u00e4 yhdess\u00e4. Lis\u00e4ksi tuntivalikoimasta l\u00f6ytyy treenej\u00e4 vain aikuisille.<\/span><\/div>[vc_separator type=&#8221;transparent&#8221; thickness=&#8221;27&#8243;]<a href=\"?page_id=19080\" target=\"_self\" data-hover-background-color=#e1e1e1 data-hover-border-color=#e1e1e1 data-hover-color=#393939 class=\"qbutton  medium\" style=\"color: #393939; border-color: #ffffff; background-color: #ffffff;\">TUNTIKUVAUKSET<\/a>[\/vc_column_inner][\/vc_row_inner][\/vc_column][\/vc_row][vc_row full_width=&#8221;stretch_row_content&#8221; row_type=&#8221;parallax&#8221; text_align=&#8221;center&#8221; background_image=&#8221;21954&#8243; section_height=&#8221;880&#8243;][vc_column css=&#8221;.vc_custom_1467180070052{background-position: center !important;background-repeat: no-repeat !important;background-size: cover !important;}&#8221;][vc_row_inner equal_height=&#8221;yes&#8221; content_placement=&#8221;middle&#8221; type=&#8221;grid&#8221; use_row_as_full_screen_section_slide=&#8221;yes&#8221; text_align=&#8221;center&#8221; css=&#8221;.vc_custom_1467298886161{margin-top: 0px !important;margin-bottom: 0px !important;}&#8221;][vc_column_inner css=&#8221;.vc_custom_1467299441687{padding-top: 25% !important;padding-bottom: 25% !important;}&#8221;]<div class=\"custom_font_holder\" style=\"font-family: Raleway; font-size: 56px; line-height: 60px; color: #ffffff; letter-spacing: 4px; text-align: center;\"><span>Opettajat<\/span><\/div>[vc_separator type=&#8221;transparent&#8221;]<div class=\"custom_font_holder\" style=\"font-family: Raleway; font-size: 16px; line-height: 27px; font-weight: 400; color: #ffffff; text-align: center;\"><span>Kaikki opettajamme ovat kokeneita ja persoonallisia tanssinopettajia. Luomme yhdess\u00e4 kannustavan ja positiivisen oppimisymp\u00e4rist\u00f6n. T\u00e4\u00e4lt\u00e4 l\u00f6yd\u00e4t jokaisen opettajan esittelyn.<\/span><\/div>[vc_separator type=&#8221;transparent&#8221; thickness=&#8221;27&#8243;]<a href=\"?page_id=21228\" target=\"_self\" data-hover-background-color=#e1e1e1 data-hover-border-color=#e1e1e1 data-hover-color=#393939 class=\"qbutton  medium\" style=\"color: #393939; border-color: #ffffff; background-color: #ffffff;\">OPETTAJAT<\/a>[\/vc_column_inner][\/vc_row_inner][\/vc_column][\/vc_row][vc_row content_placement=&#8221;middle&#8221; use_row_as_full_screen_section=&#8221;yes&#8221; type=&#8221;grid&#8221; text_align=&#8221;center&#8221;][vc_column][vc_column_text]\n      <div class=\"video-wrapper\">\n        <div class=\"video-container\">\n        <iframe src=\"\/\/player.vimeo.com\/video\/124996956?title=0&byline=0&portrait=0\" frameborder=\"0\" webkitAllowFullScreen mozallowfullscreen allowFullScreen><\/iframe>\n        <\/div>\n      <\/div>\n    [\/vc_column_text][\/vc_column][\/vc_row]<\/p>\n","protected":false},"excerpt":{"rendered":"<p>[vc_row full_width=&#8221;stretch_row_content&#8221; row_type=&#8221;parallax&#8221; text_align=&#8221;center&#8221; background_image=&#8221;21956&#8243; section_height=&#8221;880&#8243;][vc_column css=&#8221;.vc_custom_1467180070052{background-position: center !important;background-repeat: no-repeat !important;background-size: cover !important;}&#8221;][vc_row_inner equal_height=&#8221;yes&#8221; content_placement=&#8221;middle&#8221; type=&#8221;grid&#8221; use_row_as_full_screen_section_slide=&#8221;yes&#8221; text_align=&#8221;center&#8221; css=&#8221;.vc_custom_1467298886161{margin-top: 0px !important;margin-bottom: 0px !important;}&#8221;][vc_column_inner css=&#8221;.vc_custom_1467299441687{padding-top: 25% !important;padding-bottom: 25% !important;}&#8221;][vc_separator type=&#8221;transparent&#8221;][vc_separator type=&#8221;transparent&#8221; thickness=&#8221;27&#8243;][vc_separator type=&#8221;transparent&#8221;][\/vc_column_inner][\/vc_row_inner][\/vc_column][\/vc_row][vc_row full_width=&#8221;stretch_row_content&#8221; row_type=&#8221;parallax&#8221; background_image=&#8221;21953&#8243; section_height=&#8221;880&#8243;][vc_column css=&#8221;.vc_custom_1467180070052{background-position: center !important;background-repeat: no-repeat !important;background-size: cover !important;}&#8221;][vc_row_inner equal_height=&#8221;yes&#8221; content_placement=&#8221;middle&#8221;&#8230;<\/p>\n","protected":false},"author":1,"featured_media":0,"parent":0,"menu_order":0,"comment_status":"open","ping_status":"closed","template":"full_width.php","meta":[],"_links":{"self":[{"href":"https:\/\/annikamutila.com\/amds\/index.php?rest_route=\/wp\/v2\/pages\/19843"}],"collection":[{"href":"https:\/\/annikamutila.com\/amds\/index.php?rest_route=\/wp\/v2\/pages"}],"about":[{"href":"https:\/\/annikamutila.com\/amds\/index.php?rest_route=\/wp\/v2\/types\/page"}],"author":[{"embeddable":true,"href":"https:\/\/annikamutila.com\/amds\/index.php?rest_route=\/wp\/v2\/users\/1"}],"replies":[{"embeddable":true,"href":"https:\/\/annikamutila.com\/amds\/index.php?rest_route=%2Fwp%2Fv2%2Fcomments&post=19843"}],"version-history":[{"count":33,"href":"https:\/\/annikamutila.com\/amds\/index.php?rest_route=\/wp\/v2\/pages\/19843\/revisions"}],"predecessor-version":[{"id":22335,"href":"https:\/\/annikamutila.com\/amds\/index.php?rest_route=\/wp\/v2\/pages\/19843\/revisions\/22335"}],"wp:attachment":[{"href":"https:\/\/annikamutila.com\/amds\/index.php?rest_route=%2Fwp%2Fv2%2Fmedia&parent=19843"}],"curies":[{"name":"wp","href":"https:\/\/api.w.org\/{rel}","templated":true}]}}