{"id":19080,"date":"2014-06-03T08:07:04","date_gmt":"2014-06-03T08:07:04","guid":{"rendered":"http:\/\/demo.select-themes.com\/stockholm16\/?page_id=19080"},"modified":"2020-08-18T16:07:27","modified_gmt":"2020-08-18T16:07:27","slug":"tanssitunnit","status":"publish","type":"page","link":"https:\/\/annikamutila.com\/amds\/?page_id=19080","title":{"rendered":"SYKSYN 2020 Tanssitunnit"},"content":{"rendered":"<p>[vc_row full_width=&#8221;stretch_row_content&#8221; row_type=&#8221;parallax&#8221; background_image=&#8221;21706&#8243; section_height=&#8221;800&#8243;][vc_column css=&#8221;.vc_custom_1467180070052{background-position: center !important;background-repeat: no-repeat !important;background-size: cover !important;}&#8221;][vc_row_inner equal_height=&#8221;yes&#8221; content_placement=&#8221;middle&#8221; type=&#8221;grid&#8221; use_row_as_full_screen_section_slide=&#8221;yes&#8221;][vc_column_inner css=&#8221;.vc_custom_1467694911684{padding-top: 25% !important;padding-bottom: 25% !important;}&#8221;]<div class=\"custom_font_holder\" style=\"font-family: Raleway; font-size: 56px; line-height: 60px; color: #ffffff; letter-spacing: 4px; text-align: left;\"><span><strong>Alle 6-vuotiaiden tunnit<\/strong><\/p>\n<p><\/span><\/div>[vc_separator type=&#8221;transparent&#8221;]<div class=\"custom_font_holder\" style=\"font-family: Raleway; font-size: 16px; font-weight: 400; color: #ffffff; text-align: left;\"><span>Kev\u00e4t 2021 Vauva-aikuinen -musiikkiliikunta (2-12 kk)<\/p>\n<p>Kev\u00e4t 2021 Taapero-aikuinen -musiikkiliikunta (1-3 v.)<\/p>\n<p>Syksy 2020 3-4-vuotiaille Dance sek\u00e4 Baletti<\/p>\n<p>Syksy 2020 5-6-vuotiaille Dance sek\u00e4 Baletti<\/p>\n<p>&nbsp;<\/p>\n<p>Monipuolisilla Dance tunneilla harjoitellaan motoriikan perustaitoja, mist\u00e4 lapsi saa ev\u00e4\u00e4t eri tanssilajeihin.<\/p>\n<p><\/span><\/div>[vc_separator type=&#8221;transparent&#8221;]<a href=\"?page_id=21459\" target=\"_self\" data-hover-background-color=#696969 data-hover-border-color=#696969 data-hover-color=#ffffff class=\"qbutton  small\" style=\"color: #ffffff; border-color: #393939; background-color: #393939;\">LIS\u00c4\u00c4<\/a>[\/vc_column_inner][\/vc_row_inner][\/vc_column][\/vc_row][vc_row full_width=&#8221;stretch_row_content&#8221; row_type=&#8221;parallax&#8221; background_image=&#8221;21711&#8243; section_height=&#8221;880&#8243;][vc_column css=&#8221;.vc_custom_1467180070052{background-position: center !important;background-repeat: no-repeat !important;background-size: cover !important;}&#8221;][vc_row_inner equal_height=&#8221;yes&#8221; content_placement=&#8221;middle&#8221; type=&#8221;grid&#8221; use_row_as_full_screen_section_slide=&#8221;yes&#8221; css=&#8221;.vc_custom_1467352159536{margin-top: 0px !important;margin-bottom: 0px !important;}&#8221;][vc_column_inner css=&#8221;.vc_custom_1467299441687{padding-top: 25% !important;padding-bottom: 25% !important;}&#8221;]<div class=\"custom_font_holder\" style=\"font-family: Raleway; font-size: 56px; line-height: 60px; color: #ffffff; letter-spacing: 4px; text-align: left;\"><span>LASTEN LAJITREENIT<\/span><\/div>[vc_separator type=&#8221;transparent&#8221;]<div class=\"custom_font_holder\" style=\"font-family: Raleway; font-size: 16px; font-weight: 400; color: #ffffff; text-align: left;\"><span>Alakouluik\u00e4isten tanssitunnit on jaettu 7\u00ad-10 \u00ad-vuotiaisiin ja 9-12 \u00ad-vuotiaisiin. Alakouluik\u00e4isille on laaja valikoima eri tanssilajeja sek\u00e4 tanssijoilla on mahdollisuus valita itselleen sopivan tasoinen ryhm\u00e4 alkeis-, keski- tai jatkotasoilta. Jos tanssilajin per\u00e4ss\u00e4 ei ole tasomerkint\u00e4\u00e4 niin ryhm\u00e4 on avoimen tason tunti kaikille ik\u00e4ryhm\u00e4n harrastajille. Tanssiopettajalla on oikeus ohjata tanssija h\u00e4nelle sopivaan ryhm\u00e4\u00e4n ja oppilailla on oikeus kysy\u00e4 tutulta opettajalta suositus sopivaan tanssiryhm\u00e4\u00e4n.<\/span><\/div>[vc_separator type=&#8221;transparent&#8221;]<a href=\"?page_id=21396\" target=\"_self\" data-hover-background-color=#696969 data-hover-border-color=#696969 data-hover-color=#ffffff class=\"qbutton  small\" style=\"color: #ffffff; border-color: #393939; background-color: #393939;\">TUNTIVALIKOIMA<\/a>[\/vc_column_inner][\/vc_row_inner][\/vc_column][\/vc_row][vc_row full_width=&#8221;stretch_row_content&#8221; row_type=&#8221;parallax&#8221; background_image=&#8221;21714&#8243; section_height=&#8221;880&#8243;][vc_column css=&#8221;.vc_custom_1467180070052{background-position: center !important;background-repeat: no-repeat !important;background-size: cover !important;}&#8221;][vc_row_inner equal_height=&#8221;yes&#8221; content_placement=&#8221;middle&#8221; type=&#8221;grid&#8221; use_row_as_full_screen_section_slide=&#8221;yes&#8221; css=&#8221;.vc_custom_1467352159536{margin-top: 0px !important;margin-bottom: 0px !important;}&#8221;][vc_column_inner css=&#8221;.vc_custom_1467299441687{padding-top: 25% !important;padding-bottom: 25% !important;}&#8221;]<div class=\"custom_font_holder\" style=\"font-family: Raleway; font-size: 56px; line-height: 60px; color: #ffffff; letter-spacing: 4px; text-align: left;\"><span>NUORET &amp; AIKUISET<\/span><\/div>[vc_separator type=&#8221;transparent&#8221;]<div class=\"custom_font_holder\" style=\"font-family: Raleway; font-size: 16px; font-weight: 400; color: #ffffff; text-align: left;\"><span>Monipuolinen lajivalikoima tason mukaan nuorille ja aikuisille (alaik\u00e4raja 13 v.). Lis\u00e4ksi tuntivalikoimasta l\u00f6ytyy tanssitunteja vain aikuisille &#8211; \u00a030 v. + .<\/p>\n<p>Yli 7-vuotiaiden tunnit on jaettu tasojen mukaan alkeet\/keski\/jatko\/avoin taso. Tanssiopettajalla on oikeus ohjata tanssija h\u00e4nelle sopivaan ryhm\u00e4\u00e4n ja oppilailla on oikeus kysy\u00e4 tutulta opettajalta suositus sopivaan tanssiryhm\u00e4\u00e4n.<\/span><\/div>[vc_separator type=&#8221;transparent&#8221;]<a href=\"?page_id=21434\" target=\"_self\" data-hover-background-color=#696969 data-hover-border-color=#696969 data-hover-color=#ffffff class=\"qbutton  small\" style=\"color: #ffffff; border-color: #393939; background-color: #393939;\">TUNTIVALIKOIMA<\/a>[\/vc_column_inner][\/vc_row_inner][\/vc_column][\/vc_row]<\/p>\n","protected":false},"excerpt":{"rendered":"<p>[vc_row full_width=&#8221;stretch_row_content&#8221; row_type=&#8221;parallax&#8221; background_image=&#8221;21706&#8243; section_height=&#8221;800&#8243;][vc_column css=&#8221;.vc_custom_1467180070052{background-position: center !important;background-repeat: no-repeat !important;background-size: cover !important;}&#8221;][vc_row_inner equal_height=&#8221;yes&#8221; content_placement=&#8221;middle&#8221; type=&#8221;grid&#8221; use_row_as_full_screen_section_slide=&#8221;yes&#8221;][vc_column_inner css=&#8221;.vc_custom_1467694911684{padding-top: 25% !important;padding-bottom: 25% !important;}&#8221;][vc_separator type=&#8221;transparent&#8221;][vc_separator type=&#8221;transparent&#8221;][\/vc_column_inner][\/vc_row_inner][\/vc_column][\/vc_row][vc_row full_width=&#8221;stretch_row_content&#8221; row_type=&#8221;parallax&#8221; background_image=&#8221;21711&#8243; section_height=&#8221;880&#8243;][vc_column css=&#8221;.vc_custom_1467180070052{background-position: center !important;background-repeat: no-repeat !important;background-size: cover !important;}&#8221;][vc_row_inner equal_height=&#8221;yes&#8221; content_placement=&#8221;middle&#8221; type=&#8221;grid&#8221; use_row_as_full_screen_section_slide=&#8221;yes&#8221; css=&#8221;.vc_custom_1467352159536{margin-top: 0px !important;margin-bottom: 0px !important;}&#8221;][vc_column_inner css=&#8221;.vc_custom_1467299441687{padding-top: 25%&#8230;<\/p>\n","protected":false},"author":1,"featured_media":0,"parent":0,"menu_order":0,"comment_status":"closed","ping_status":"closed","template":"full_width.php","meta":[],"_links":{"self":[{"href":"https:\/\/annikamutila.com\/amds\/index.php?rest_route=\/wp\/v2\/pages\/19080"}],"collection":[{"href":"https:\/\/annikamutila.com\/amds\/index.php?rest_route=\/wp\/v2\/pages"}],"about":[{"href":"https:\/\/annikamutila.com\/amds\/index.php?rest_route=\/wp\/v2\/types\/page"}],"author":[{"embeddable":true,"href":"https:\/\/annikamutila.com\/amds\/index.php?rest_route=\/wp\/v2\/users\/1"}],"replies":[{"embeddable":true,"href":"https:\/\/annikamutila.com\/amds\/index.php?rest_route=%2Fwp%2Fv2%2Fcomments&post=19080"}],"version-history":[{"count":14,"href":"https:\/\/annikamutila.com\/amds\/index.php?rest_route=\/wp\/v2\/pages\/19080\/revisions"}],"predecessor-version":[{"id":22241,"href":"https:\/\/annikamutila.com\/amds\/index.php?rest_route=\/wp\/v2\/pages\/19080\/revisions\/22241"}],"wp:attachment":[{"href":"https:\/\/annikamutila.com\/amds\/index.php?rest_route=%2Fwp%2Fv2%2Fmedia&parent=19080"}],"curies":[{"name":"wp","href":"https:\/\/api.w.org\/{rel}","templated":true}]}}